{"id":627,"date":"2025-12-12T00:43:21","date_gmt":"2025-12-12T00:43:21","guid":{"rendered":"https:\/\/andersonpereiradesign.com.br\/safe\/?page_id=627"},"modified":"2026-03-02T16:01:31","modified_gmt":"2026-03-02T16:01:31","slug":"pellicole","status":"publish","type":"page","link":"https:\/\/safeinsegne.it\/?page_id=627","title":{"rendered":"Pellicole"},"content":{"rendered":"\t\t<div data-elementor-type=\"wp-page\" data-elementor-id=\"627\" class=\"elementor elementor-627\" data-elementor-post-type=\"page\">\n\t\t\t\t\t\t<section class=\"elementor-section elementor-top-section elementor-element elementor-element-d645a91 elementor-section-full_width elementor-section-height-default elementor-section-height-default\" data-id=\"d645a91\" data-element_type=\"section\" data-e-type=\"section\">\n\t\t\t\t\t\t<div class=\"elementor-container elementor-column-gap-default\">\n\t\t\t\t\t<div class=\"elementor-column elementor-col-100 elementor-top-column elementor-element elementor-element-dbb8c4e elementor-invisible\" data-id=\"dbb8c4e\" data-element_type=\"column\" data-e-type=\"column\" data-settings=\"{&quot;background_background&quot;:&quot;classic&quot;,&quot;animation&quot;:&quot;fadeIn&quot;}\">\n\t\t\t<div class=\"elementor-widget-wrap elementor-element-populated\">\n\t\t\t\t\t<div class=\"elementor-background-overlay\"><\/div>\n\t\t\t\t\t\t<div class=\"elementor-element elementor-element-2b65384 elementor-widget elementor-widget-heading\" data-id=\"2b65384\" data-element_type=\"widget\" data-e-type=\"widget\" data-widget_type=\"heading.default\">\n\t\t\t\t\t<h1 class=\"elementor-heading-title elementor-size-default\">Pellicole<\/h1>\t\t\t\t<\/div>\n\t\t\t\t\t<\/div>\n\t\t<\/div>\n\t\t\t\t\t<\/div>\n\t\t<\/section>\n\t\t<div class=\"elementor-element elementor-element-e16a155 e-flex e-con-boxed e-con e-parent\" data-id=\"e16a155\" data-element_type=\"container\" data-e-type=\"container\">\n\t\t\t\t\t<div class=\"e-con-inner\">\n\t\t\t\t<div class=\"elementor-element elementor-element-98b5c75 elementor-widget elementor-widget-heading\" data-id=\"98b5c75\" data-element_type=\"widget\" data-e-type=\"widget\" data-widget_type=\"heading.default\">\n\t\t\t\t\t<h2 class=\"elementor-heading-title elementor-size-default\">Finitura professionale e durata a lungo termine\n<\/h2>\t\t\t\t<\/div>\n\t\t\t\t<div class=\"elementor-element elementor-element-e353733 elementor-widget-divider--view-line elementor-widget elementor-widget-divider\" data-id=\"e353733\" data-element_type=\"widget\" data-e-type=\"widget\" data-widget_type=\"divider.default\">\n\t\t\t\t\t\t\t<div class=\"elementor-divider\">\n\t\t\t<span class=\"elementor-divider-separator\">\n\t\t\t\t\t\t<\/span>\n\t\t<\/div>\n\t\t\t\t\t\t<\/div>\n\t\t<div class=\"elementor-element elementor-element-0f3c0ee e-con-full e-flex e-con e-child\" data-id=\"0f3c0ee\" data-element_type=\"container\" data-e-type=\"container\">\n\t\t\t\t<div class=\"elementor-element elementor-element-b2dceab elementor-widget elementor-widget-heading\" data-id=\"b2dceab\" data-element_type=\"widget\" data-e-type=\"widget\" data-widget_type=\"heading.default\">\n\t\t\t\t\t<h2 class=\"elementor-heading-title elementor-size-default\">Le pellicole antisolari <b>migliorano il comfort ed il benessere<\/b>, riflettendo il calore, riducono l'abbaglio e bloccando i raggi UV, <b>limitando cos\u00ec l'uso di climatizzatori<\/b>, favorendo il <b>risparmio energetico<\/b>.\nLe pellicole di sicurezza offrono una soluzione ottimale per <b>migliorare la sicurezza<\/b> e il benessere delle persone, aumentando la resistenza del vetro contro urti e riducendo gli infortuni.\n<\/h2>\t\t\t\t<\/div>\n\t\t<div class=\"elementor-element elementor-element-5f28a3c e-grid e-con-full e-con e-child\" data-id=\"5f28a3c\" data-element_type=\"container\" data-e-type=\"container\">\n\t\t\t\t<div class=\"elementor-element elementor-element-b36ab6b elementor-widget elementor-widget-image\" data-id=\"b36ab6b\" data-element_type=\"widget\" data-e-type=\"widget\" data-widget_type=\"image.default\">\n\t\t\t\t\t\t\t\t\t\t\t\t\t\t\t<img fetchpriority=\"high\" decoding=\"async\" width=\"800\" height=\"600\" src=\"https:\/\/safeinsegne.it\/wp-content\/uploads\/2026\/02\/02-15-1024x768.jpeg\" class=\"attachment-large size-large wp-image-1019\" alt=\"\" srcset=\"https:\/\/safeinsegne.it\/wp-content\/uploads\/2026\/02\/02-15-1024x768.jpeg 1024w, https:\/\/safeinsegne.it\/wp-content\/uploads\/2026\/02\/02-15-300x225.jpeg 300w, https:\/\/safeinsegne.it\/wp-content\/uploads\/2026\/02\/02-15-768x576.jpeg 768w, https:\/\/safeinsegne.it\/wp-content\/uploads\/2026\/02\/02-15-1536x1152.jpeg 1536w, https:\/\/safeinsegne.it\/wp-content\/uploads\/2026\/02\/02-15.jpeg 1600w\" sizes=\"(max-width: 800px) 100vw, 800px\" \/>\t\t\t\t\t\t\t\t\t\t\t\t\t\t\t<\/div>\n\t\t\t\t<div class=\"elementor-element elementor-element-a72fb89 elementor-widget elementor-widget-image\" data-id=\"a72fb89\" data-element_type=\"widget\" data-e-type=\"widget\" data-widget_type=\"image.default\">\n\t\t\t\t\t\t\t\t\t\t\t\t\t\t\t<img decoding=\"async\" width=\"800\" height=\"600\" src=\"https:\/\/safeinsegne.it\/wp-content\/uploads\/2025\/12\/WhatsApp-Image-2025-10-20-at-20.38.45-1-1024x768.jpeg\" class=\"attachment-large size-large wp-image-692\" alt=\"\" srcset=\"https:\/\/safeinsegne.it\/wp-content\/uploads\/2025\/12\/WhatsApp-Image-2025-10-20-at-20.38.45-1-1024x768.jpeg 1024w, https:\/\/safeinsegne.it\/wp-content\/uploads\/2025\/12\/WhatsApp-Image-2025-10-20-at-20.38.45-1-300x225.jpeg 300w, https:\/\/safeinsegne.it\/wp-content\/uploads\/2025\/12\/WhatsApp-Image-2025-10-20-at-20.38.45-1-768x576.jpeg 768w, https:\/\/safeinsegne.it\/wp-content\/uploads\/2025\/12\/WhatsApp-Image-2025-10-20-at-20.38.45-1-1536x1152.jpeg 1536w, https:\/\/safeinsegne.it\/wp-content\/uploads\/2025\/12\/WhatsApp-Image-2025-10-20-at-20.38.45-1.jpeg 1600w\" sizes=\"(max-width: 800px) 100vw, 800px\" \/>\t\t\t\t\t\t\t\t\t\t\t\t\t\t\t<\/div>\n\t\t\t\t<\/div>\n\t\t\t\t<\/div>\n\t\t<div class=\"elementor-element elementor-element-fd5529d e-con-full e-flex e-con e-child\" data-id=\"fd5529d\" data-element_type=\"container\" data-e-type=\"container\">\n\t\t\t\t<div class=\"elementor-element elementor-element-32b93ed elementor-widget elementor-widget-heading\" data-id=\"32b93ed\" data-element_type=\"widget\" data-e-type=\"widget\" data-widget_type=\"heading.default\">\n\t\t\t\t\t<h2 class=\"elementor-heading-title elementor-size-default\">Ambiti di utilit\u00e0 specifica:<br>\n<b>Controllo Solare<\/b>: Riflettono l'energia termica migliorando il comfort termico e riducendo le spese per il raffrescamento.<br>\n\n<b>Sicurezza<\/b>: Trattengono i frammenti in caso di rottura accidentale o tentata effrazione, evitando infortuni e danni materiali.<br>\n\n<b>Protezione Anti-UV<\/b>: Bloccano fino al 99% dei raggi ultravioletti, preservando l'integrit\u00e0 cromatica di tessuti, mobili e prodotti esposti.<\/h2>\t\t\t\t<\/div>\n\t\t\t\t<\/div>\n\t\t\t\t\t<\/div>\n\t\t\t\t<\/div>\n\t\t<div class=\"elementor-element elementor-element-9b583a2 e-flex e-con-boxed e-con e-parent\" data-id=\"9b583a2\" data-element_type=\"container\" data-e-type=\"container\" data-settings=\"{&quot;background_background&quot;:&quot;classic&quot;}\">\n\t\t\t\t\t<div class=\"e-con-inner\">\n\t\t<div class=\"elementor-element elementor-element-405e051 e-con-full e-flex e-con e-child\" data-id=\"405e051\" data-element_type=\"container\" data-e-type=\"container\">\n\t\t\t\t<div class=\"elementor-element elementor-element-c5a4b23 elementor-widget elementor-widget-heading\" data-id=\"c5a4b23\" data-element_type=\"widget\" data-e-type=\"widget\" data-widget_type=\"heading.default\">\n\t\t\t\t\t<h2 class=\"elementor-heading-title elementor-size-default\">Perch\u00e9 scegliere noi?<\/h2>\t\t\t\t<\/div>\n\t\t\t\t<div class=\"elementor-element elementor-element-97a8b02 elementor-widget elementor-widget-text-editor\" data-id=\"97a8b02\" data-element_type=\"widget\" data-e-type=\"widget\" data-widget_type=\"text-editor.default\">\n\t\t\t\t\t\t\t\t\t<p>Grazie all&#8217;utilizzo di materiali ad alte prestazioni, all&#8217;applicazione tecnica e alla massima attenzione ai dettagli, garantiamo adesivi che non sbiadiscono n\u00e9 si staccano, mantenendo l&#8217;aspetto professionale del vostro veicolo molto pi\u00f9 a lungo. La nostra consegna \u00e8 rapida, sicura e incentrata sulla qualit\u00e0 autentica, dal primo contatto al risultato finale.<\/p>\t\t\t\t\t\t\t\t<\/div>\n\t\t\t\t<\/div>\n\t\t<div class=\"elementor-element elementor-element-23d216e e-con-full e-flex e-con e-child\" data-id=\"23d216e\" data-element_type=\"container\" data-e-type=\"container\">\n\t\t\t\t<div class=\"elementor-element elementor-element-fe8b3a9 elementor-widget elementor-widget-image\" data-id=\"fe8b3a9\" data-element_type=\"widget\" data-e-type=\"widget\" data-widget_type=\"image.default\">\n\t\t\t\t\t\t\t\t\t\t\t\t\t\t\t<img decoding=\"async\" width=\"800\" height=\"534\" src=\"https:\/\/safeinsegne.it\/wp-content\/uploads\/2026\/01\/Carro-1024x683.webp\" class=\"attachment-large size-large wp-image-726\" alt=\"\" srcset=\"https:\/\/safeinsegne.it\/wp-content\/uploads\/2026\/01\/Carro-1024x683.webp 1024w, https:\/\/safeinsegne.it\/wp-content\/uploads\/2026\/01\/Carro-300x200.webp 300w, https:\/\/safeinsegne.it\/wp-content\/uploads\/2026\/01\/Carro-768x512.webp 768w, https:\/\/safeinsegne.it\/wp-content\/uploads\/2026\/01\/Carro.webp 1536w\" sizes=\"(max-width: 800px) 100vw, 800px\" \/>\t\t\t\t\t\t\t\t\t\t\t\t\t\t\t<\/div>\n\t\t\t\t<\/div>\n\t\t\t\t\t<\/div>\n\t\t\t\t<\/div>\n\t\t\t\t<\/div>\n\t\t","protected":false},"excerpt":{"rendered":"<p>Pellicole Finitura professionale e durata a lungo termine Le pellicole antisolari migliorano il comfort ed il benessere, riflettendo il calore, riducono l&#8217;abbaglio e bloccando i raggi UV, limitando cos\u00ec l&#8217;uso di climatizzatori, favorendo il risparmio energetico. Le pellicole di sicurezza offrono una soluzione ottimale per migliorare la sicurezza e il benessere delle persone, aumentando la [&hellip;]<\/p>\n","protected":false},"author":1,"featured_media":0,"parent":0,"menu_order":0,"comment_status":"closed","ping_status":"closed","template":"elementor_header_footer","meta":{"footnotes":""},"class_list":["post-627","page","type-page","status-publish","hentry"],"yoast_head":"<!-- This site is optimized with the Yoast SEO plugin v27.3 - https:\/\/yoast.com\/product\/yoast-seo-wordpress\/ -->\n<title>Pellicole - Safe - Insegne, Adesivi e Pellicole a Specchio Antisolari<\/title>\n<meta name=\"robots\" content=\"index, follow, max-snippet:-1, max-image-preview:large, max-video-preview:-1\" \/>\n<link rel=\"canonical\" href=\"https:\/\/safeinsegne.it\/?page_id=627\" \/>\n<meta property=\"og:locale\" content=\"en_US\" \/>\n<meta property=\"og:type\" content=\"article\" \/>\n<meta property=\"og:title\" content=\"Pellicole - Safe - Insegne, Adesivi e Pellicole a Specchio Antisolari\" \/>\n<meta property=\"og:description\" content=\"Pellicole Finitura professionale e durata a lungo termine Le pellicole antisolari migliorano il comfort ed il benessere, riflettendo il calore, riducono l&#8217;abbaglio e bloccando i raggi UV, limitando cos\u00ec l&#8217;uso di climatizzatori, favorendo il risparmio energetico. Le pellicole di sicurezza offrono una soluzione ottimale per migliorare la sicurezza e il benessere delle persone, aumentando la [&hellip;]\" \/>\n<meta property=\"og:url\" content=\"https:\/\/safeinsegne.it\/?page_id=627\" \/>\n<meta property=\"og:site_name\" content=\"Safe - Insegne, Adesivi e Pellicole a Specchio Antisolari\" \/>\n<meta property=\"article:modified_time\" content=\"2026-03-02T16:01:31+00:00\" \/>\n<meta property=\"og:image\" content=\"https:\/\/safeinsegne.it\/wp-content\/uploads\/2026\/02\/02-15-1024x768.jpeg\" \/>\n<meta name=\"twitter:card\" content=\"summary_large_image\" \/>\n<meta name=\"twitter:label1\" content=\"Est. reading time\" \/>\n\t<meta name=\"twitter:data1\" content=\"2 minutes\" \/>\n<script type=\"application\/ld+json\" class=\"yoast-schema-graph\">{\"@context\":\"https:\\\/\\\/schema.org\",\"@graph\":[{\"@type\":\"WebPage\",\"@id\":\"https:\\\/\\\/safeinsegne.it\\\/?page_id=627\",\"url\":\"https:\\\/\\\/safeinsegne.it\\\/?page_id=627\",\"name\":\"Pellicole - Safe - Insegne, Adesivi e Pellicole a Specchio Antisolari\",\"isPartOf\":{\"@id\":\"https:\\\/\\\/safeinsegne.it\\\/#website\"},\"primaryImageOfPage\":{\"@id\":\"https:\\\/\\\/safeinsegne.it\\\/?page_id=627#primaryimage\"},\"image\":{\"@id\":\"https:\\\/\\\/safeinsegne.it\\\/?page_id=627#primaryimage\"},\"thumbnailUrl\":\"https:\\\/\\\/safeinsegne.it\\\/wp-content\\\/uploads\\\/2026\\\/02\\\/02-15-1024x768.jpeg\",\"datePublished\":\"2025-12-12T00:43:21+00:00\",\"dateModified\":\"2026-03-02T16:01:31+00:00\",\"breadcrumb\":{\"@id\":\"https:\\\/\\\/safeinsegne.it\\\/?page_id=627#breadcrumb\"},\"inLanguage\":\"en-US\",\"potentialAction\":[{\"@type\":\"ReadAction\",\"target\":[\"https:\\\/\\\/safeinsegne.it\\\/?page_id=627\"]}]},{\"@type\":\"ImageObject\",\"inLanguage\":\"en-US\",\"@id\":\"https:\\\/\\\/safeinsegne.it\\\/?page_id=627#primaryimage\",\"url\":\"https:\\\/\\\/safeinsegne.it\\\/wp-content\\\/uploads\\\/2026\\\/02\\\/02-15.jpeg\",\"contentUrl\":\"https:\\\/\\\/safeinsegne.it\\\/wp-content\\\/uploads\\\/2026\\\/02\\\/02-15.jpeg\",\"width\":1600,\"height\":1200},{\"@type\":\"BreadcrumbList\",\"@id\":\"https:\\\/\\\/safeinsegne.it\\\/?page_id=627#breadcrumb\",\"itemListElement\":[{\"@type\":\"ListItem\",\"position\":1,\"name\":\"In\u00edcio\",\"item\":\"https:\\\/\\\/safeinsegne.it\\\/\"},{\"@type\":\"ListItem\",\"position\":2,\"name\":\"Pellicole\"}]},{\"@type\":\"WebSite\",\"@id\":\"https:\\\/\\\/safeinsegne.it\\\/#website\",\"url\":\"https:\\\/\\\/safeinsegne.it\\\/\",\"name\":\"Safe - Insegne & Adesivi\",\"description\":\"Pellicole Antisolari, Insegne Luminose, Decorazioni\",\"publisher\":{\"@id\":\"https:\\\/\\\/safeinsegne.it\\\/#organization\"},\"potentialAction\":[{\"@type\":\"SearchAction\",\"target\":{\"@type\":\"EntryPoint\",\"urlTemplate\":\"https:\\\/\\\/safeinsegne.it\\\/?s={search_term_string}\"},\"query-input\":{\"@type\":\"PropertyValueSpecification\",\"valueRequired\":true,\"valueName\":\"search_term_string\"}}],\"inLanguage\":\"en-US\"},{\"@type\":\"Organization\",\"@id\":\"https:\\\/\\\/safeinsegne.it\\\/#organization\",\"name\":\"Safe - Insegne & Adesivi\",\"url\":\"https:\\\/\\\/safeinsegne.it\\\/\",\"logo\":{\"@type\":\"ImageObject\",\"inLanguage\":\"en-US\",\"@id\":\"https:\\\/\\\/safeinsegne.it\\\/#\\\/schema\\\/logo\\\/image\\\/\",\"url\":\"https:\\\/\\\/safeinsegne.it\\\/wp-content\\\/uploads\\\/2025\\\/11\\\/Logo_01.png\",\"contentUrl\":\"https:\\\/\\\/safeinsegne.it\\\/wp-content\\\/uploads\\\/2025\\\/11\\\/Logo_01.png\",\"width\":1684,\"height\":612,\"caption\":\"Safe - Insegne & Adesivi\"},\"image\":{\"@id\":\"https:\\\/\\\/safeinsegne.it\\\/#\\\/schema\\\/logo\\\/image\\\/\"},\"sameAs\":[\"https:\\\/\\\/www.instagram.com\\\/safe.insegne\\\/\"]}]}<\/script>\n<!-- \/ Yoast SEO plugin. -->","yoast_head_json":{"title":"Pellicole - Safe - Insegne, Adesivi e Pellicole a Specchio Antisolari","robots":{"index":"index","follow":"follow","max-snippet":"max-snippet:-1","max-image-preview":"max-image-preview:large","max-video-preview":"max-video-preview:-1"},"canonical":"https:\/\/safeinsegne.it\/?page_id=627","og_locale":"en_US","og_type":"article","og_title":"Pellicole - Safe - Insegne, Adesivi e Pellicole a Specchio Antisolari","og_description":"Pellicole Finitura professionale e durata a lungo termine Le pellicole antisolari migliorano il comfort ed il benessere, riflettendo il calore, riducono l&#8217;abbaglio e bloccando i raggi UV, limitando cos\u00ec l&#8217;uso di climatizzatori, favorendo il risparmio energetico. Le pellicole di sicurezza offrono una soluzione ottimale per migliorare la sicurezza e il benessere delle persone, aumentando la [&hellip;]","og_url":"https:\/\/safeinsegne.it\/?page_id=627","og_site_name":"Safe - Insegne, Adesivi e Pellicole a Specchio Antisolari","article_modified_time":"2026-03-02T16:01:31+00:00","og_image":[{"url":"https:\/\/safeinsegne.it\/wp-content\/uploads\/2026\/02\/02-15-1024x768.jpeg","type":"","width":"","height":""}],"twitter_card":"summary_large_image","twitter_misc":{"Est. reading time":"2 minutes"},"schema":{"@context":"https:\/\/schema.org","@graph":[{"@type":"WebPage","@id":"https:\/\/safeinsegne.it\/?page_id=627","url":"https:\/\/safeinsegne.it\/?page_id=627","name":"Pellicole - Safe - Insegne, Adesivi e Pellicole a Specchio Antisolari","isPartOf":{"@id":"https:\/\/safeinsegne.it\/#website"},"primaryImageOfPage":{"@id":"https:\/\/safeinsegne.it\/?page_id=627#primaryimage"},"image":{"@id":"https:\/\/safeinsegne.it\/?page_id=627#primaryimage"},"thumbnailUrl":"https:\/\/safeinsegne.it\/wp-content\/uploads\/2026\/02\/02-15-1024x768.jpeg","datePublished":"2025-12-12T00:43:21+00:00","dateModified":"2026-03-02T16:01:31+00:00","breadcrumb":{"@id":"https:\/\/safeinsegne.it\/?page_id=627#breadcrumb"},"inLanguage":"en-US","potentialAction":[{"@type":"ReadAction","target":["https:\/\/safeinsegne.it\/?page_id=627"]}]},{"@type":"ImageObject","inLanguage":"en-US","@id":"https:\/\/safeinsegne.it\/?page_id=627#primaryimage","url":"https:\/\/safeinsegne.it\/wp-content\/uploads\/2026\/02\/02-15.jpeg","contentUrl":"https:\/\/safeinsegne.it\/wp-content\/uploads\/2026\/02\/02-15.jpeg","width":1600,"height":1200},{"@type":"BreadcrumbList","@id":"https:\/\/safeinsegne.it\/?page_id=627#breadcrumb","itemListElement":[{"@type":"ListItem","position":1,"name":"In\u00edcio","item":"https:\/\/safeinsegne.it\/"},{"@type":"ListItem","position":2,"name":"Pellicole"}]},{"@type":"WebSite","@id":"https:\/\/safeinsegne.it\/#website","url":"https:\/\/safeinsegne.it\/","name":"Safe - Insegne & Adesivi","description":"Pellicole Antisolari, Insegne Luminose, Decorazioni","publisher":{"@id":"https:\/\/safeinsegne.it\/#organization"},"potentialAction":[{"@type":"SearchAction","target":{"@type":"EntryPoint","urlTemplate":"https:\/\/safeinsegne.it\/?s={search_term_string}"},"query-input":{"@type":"PropertyValueSpecification","valueRequired":true,"valueName":"search_term_string"}}],"inLanguage":"en-US"},{"@type":"Organization","@id":"https:\/\/safeinsegne.it\/#organization","name":"Safe - Insegne & Adesivi","url":"https:\/\/safeinsegne.it\/","logo":{"@type":"ImageObject","inLanguage":"en-US","@id":"https:\/\/safeinsegne.it\/#\/schema\/logo\/image\/","url":"https:\/\/safeinsegne.it\/wp-content\/uploads\/2025\/11\/Logo_01.png","contentUrl":"https:\/\/safeinsegne.it\/wp-content\/uploads\/2025\/11\/Logo_01.png","width":1684,"height":612,"caption":"Safe - Insegne & Adesivi"},"image":{"@id":"https:\/\/safeinsegne.it\/#\/schema\/logo\/image\/"},"sameAs":["https:\/\/www.instagram.com\/safe.insegne\/"]}]}},"_links":{"self":[{"href":"https:\/\/safeinsegne.it\/index.php?rest_route=\/wp\/v2\/pages\/627","targetHints":{"allow":["GET"]}}],"collection":[{"href":"https:\/\/safeinsegne.it\/index.php?rest_route=\/wp\/v2\/pages"}],"about":[{"href":"https:\/\/safeinsegne.it\/index.php?rest_route=\/wp\/v2\/types\/page"}],"author":[{"embeddable":true,"href":"https:\/\/safeinsegne.it\/index.php?rest_route=\/wp\/v2\/users\/1"}],"replies":[{"embeddable":true,"href":"https:\/\/safeinsegne.it\/index.php?rest_route=%2Fwp%2Fv2%2Fcomments&post=627"}],"version-history":[{"count":16,"href":"https:\/\/safeinsegne.it\/index.php?rest_route=\/wp\/v2\/pages\/627\/revisions"}],"predecessor-version":[{"id":1081,"href":"https:\/\/safeinsegne.it\/index.php?rest_route=\/wp\/v2\/pages\/627\/revisions\/1081"}],"wp:attachment":[{"href":"https:\/\/safeinsegne.it\/index.php?rest_route=%2Fwp%2Fv2%2Fmedia&parent=627"}],"curies":[{"name":"wp","href":"https:\/\/api.w.org\/{rel}","templated":true}]}}