{"id":626,"date":"2025-12-12T00:42:56","date_gmt":"2025-12-12T00:42:56","guid":{"rendered":"https:\/\/andersonpereiradesign.com.br\/safe\/?page_id=626"},"modified":"2026-03-02T16:02:49","modified_gmt":"2026-03-02T16:02:49","slug":"insegne-luminose","status":"publish","type":"page","link":"https:\/\/safeinsegne.it\/?page_id=626","title":{"rendered":"Insegne Luminose"},"content":{"rendered":"\t\t<div data-elementor-type=\"wp-page\" data-elementor-id=\"626\" class=\"elementor elementor-626\" data-elementor-post-type=\"page\">\n\t\t\t\t\t\t<section class=\"elementor-section elementor-top-section elementor-element elementor-element-373f650 elementor-section-full_width elementor-section-height-default elementor-section-height-default\" data-id=\"373f650\" data-element_type=\"section\" data-e-type=\"section\">\n\t\t\t\t\t\t<div class=\"elementor-container elementor-column-gap-default\">\n\t\t\t\t\t<div class=\"elementor-column elementor-col-100 elementor-top-column elementor-element elementor-element-9bc6761 elementor-invisible\" data-id=\"9bc6761\" data-element_type=\"column\" data-e-type=\"column\" data-settings=\"{&quot;background_background&quot;:&quot;classic&quot;,&quot;animation&quot;:&quot;fadeIn&quot;}\">\n\t\t\t<div class=\"elementor-widget-wrap elementor-element-populated\">\n\t\t\t\t\t<div class=\"elementor-background-overlay\"><\/div>\n\t\t\t\t\t\t<div class=\"elementor-element elementor-element-df5a0dc elementor-widget elementor-widget-heading\" data-id=\"df5a0dc\" data-element_type=\"widget\" data-e-type=\"widget\" data-widget_type=\"heading.default\">\n\t\t\t\t\t<h1 class=\"elementor-heading-title elementor-size-default\">Insegne Luminose<\/h1>\t\t\t\t<\/div>\n\t\t\t\t\t<\/div>\n\t\t<\/div>\n\t\t\t\t\t<\/div>\n\t\t<\/section>\n\t\t<div class=\"elementor-element elementor-element-85aa535 e-flex e-con-boxed e-con e-parent\" data-id=\"85aa535\" data-element_type=\"container\" data-e-type=\"container\">\n\t\t\t\t\t<div class=\"e-con-inner\">\n\t\t\t\t<div class=\"elementor-element elementor-element-c06d828 elementor-widget elementor-widget-heading\" data-id=\"c06d828\" data-element_type=\"widget\" data-e-type=\"widget\" data-widget_type=\"heading.default\">\n\t\t\t\t\t<h2 class=\"elementor-heading-title elementor-size-default\">Finitura professionale e durata a lungo termine\n<\/h2>\t\t\t\t<\/div>\n\t\t\t\t<div class=\"elementor-element elementor-element-353c9ce elementor-widget-divider--view-line elementor-widget elementor-widget-divider\" data-id=\"353c9ce\" data-element_type=\"widget\" data-e-type=\"widget\" data-widget_type=\"divider.default\">\n\t\t\t\t\t\t\t<div class=\"elementor-divider\">\n\t\t\t<span class=\"elementor-divider-separator\">\n\t\t\t\t\t\t<\/span>\n\t\t<\/div>\n\t\t\t\t\t\t<\/div>\n\t\t<div class=\"elementor-element elementor-element-e694962 e-con-full e-flex e-con e-child\" data-id=\"e694962\" data-element_type=\"container\" data-e-type=\"container\">\n\t\t\t\t<div class=\"elementor-element elementor-element-de16a61 elementor-widget elementor-widget-heading\" data-id=\"de16a61\" data-element_type=\"widget\" data-e-type=\"widget\" data-widget_type=\"heading.default\">\n\t\t\t\t\t<h2 class=\"elementor-heading-title elementor-size-default\">L'impatto maggiore sulla visita e sull'attivit\u00e0 commerciale dell'azienda \u00e8 prossimo a una soluzione con un forte impatto sull'immagine stessa del marchio, ancora pi\u00f9 grande.<\/h2>\t\t\t\t<\/div>\n\t\t<div class=\"elementor-element elementor-element-dabb1dc e-grid e-con-full e-con e-child\" data-id=\"dabb1dc\" data-element_type=\"container\" data-e-type=\"container\">\n\t\t\t\t<div class=\"elementor-element elementor-element-b7ab816 elementor-widget elementor-widget-image\" data-id=\"b7ab816\" data-element_type=\"widget\" data-e-type=\"widget\" data-widget_type=\"image.default\">\n\t\t\t\t\t\t\t\t\t\t\t\t\t\t\t<img fetchpriority=\"high\" decoding=\"async\" width=\"800\" height=\"557\" src=\"https:\/\/safeinsegne.it\/wp-content\/uploads\/2025\/12\/WhatsApp-Image-2025-10-20-at-21.10.08-1024x713.jpeg\" class=\"attachment-large size-large wp-image-682\" alt=\"\" srcset=\"https:\/\/safeinsegne.it\/wp-content\/uploads\/2025\/12\/WhatsApp-Image-2025-10-20-at-21.10.08-1024x713.jpeg 1024w, https:\/\/safeinsegne.it\/wp-content\/uploads\/2025\/12\/WhatsApp-Image-2025-10-20-at-21.10.08-300x209.jpeg 300w, https:\/\/safeinsegne.it\/wp-content\/uploads\/2025\/12\/WhatsApp-Image-2025-10-20-at-21.10.08-768x535.jpeg 768w, https:\/\/safeinsegne.it\/wp-content\/uploads\/2025\/12\/WhatsApp-Image-2025-10-20-at-21.10.08.jpeg 1170w\" sizes=\"(max-width: 800px) 100vw, 800px\" \/>\t\t\t\t\t\t\t\t\t\t\t\t\t\t\t<\/div>\n\t\t\t\t<div class=\"elementor-element elementor-element-2b1d928 elementor-widget elementor-widget-image\" data-id=\"2b1d928\" data-element_type=\"widget\" data-e-type=\"widget\" data-widget_type=\"image.default\">\n\t\t\t\t\t\t\t\t\t\t\t\t\t\t\t<img decoding=\"async\" src=\"https:\/\/safeinsegne.it\/wp-content\/uploads\/elementor\/thumbs\/03-9-rikdjr9z1a85461obpwtdxe2q2werw34p7nn2dzrko.jpeg\" title=\"03\" alt=\"03\" loading=\"lazy\" \/>\t\t\t\t\t\t\t\t\t\t\t\t\t\t\t<\/div>\n\t\t\t\t<\/div>\n\t\t\t\t<\/div>\n\t\t<div class=\"elementor-element elementor-element-3f2a014 e-con-full e-flex e-con e-child\" data-id=\"3f2a014\" data-element_type=\"container\" data-e-type=\"container\">\n\t\t\t\t<div class=\"elementor-element elementor-element-30ccca4 elementor-widget elementor-widget-heading\" data-id=\"30ccca4\" data-element_type=\"widget\" data-e-type=\"widget\" data-widget_type=\"heading.default\">\n\t\t\t\t\t<h2 class=\"elementor-heading-title elementor-size-default\">Le insegne luminose fungono da faro magnetico per il business, garantendo la<b> massima visibilit\u00e0 h24 <\/b>e consolidando la presenza del brand sul territorio per <b>distinguersi nettamente dalla concorrenza<\/b>, anche in condizioni di scarsa illuminazione.<\/h2>\t\t\t\t<\/div>\n\t\t\t\t<\/div>\n\t\t\t\t\t<\/div>\n\t\t\t\t<\/div>\n\t\t<div class=\"elementor-element elementor-element-1b18e80 e-flex e-con-boxed e-con e-parent\" data-id=\"1b18e80\" data-element_type=\"container\" data-e-type=\"container\" data-settings=\"{&quot;background_background&quot;:&quot;classic&quot;}\">\n\t\t\t\t\t<div class=\"e-con-inner\">\n\t\t<div class=\"elementor-element elementor-element-4880538 e-con-full e-flex e-con e-child\" data-id=\"4880538\" data-element_type=\"container\" data-e-type=\"container\">\n\t\t\t\t<div class=\"elementor-element elementor-element-ce4a253 elementor-widget elementor-widget-heading\" data-id=\"ce4a253\" data-element_type=\"widget\" data-e-type=\"widget\" data-widget_type=\"heading.default\">\n\t\t\t\t\t<h2 class=\"elementor-heading-title elementor-size-default\">Perch\u00e9 scegliere noi?<\/h2>\t\t\t\t<\/div>\n\t\t\t\t<div class=\"elementor-element elementor-element-00fac10 elementor-widget elementor-widget-text-editor\" data-id=\"00fac10\" data-element_type=\"widget\" data-e-type=\"widget\" data-widget_type=\"text-editor.default\">\n\t\t\t\t\t\t\t\t\t<p>Grazie all&#8217;utilizzo di materiali ad alte prestazioni, all&#8217;applicazione tecnica e alla massima attenzione ai dettagli, garantiamo adesivi che non sbiadiscono n\u00e9 si staccano, mantenendo l&#8217;aspetto professionale del vostro veicolo molto pi\u00f9 a lungo. La nostra consegna \u00e8 rapida, sicura e incentrata sulla qualit\u00e0 autentica, dal primo contatto al risultato finale.<\/p>\t\t\t\t\t\t\t\t<\/div>\n\t\t\t\t<\/div>\n\t\t<div class=\"elementor-element elementor-element-5858432 e-con-full e-flex e-con e-child\" data-id=\"5858432\" data-element_type=\"container\" data-e-type=\"container\">\n\t\t\t\t<div class=\"elementor-element elementor-element-a4573ba elementor-widget elementor-widget-image\" data-id=\"a4573ba\" data-element_type=\"widget\" data-e-type=\"widget\" data-widget_type=\"image.default\">\n\t\t\t\t\t\t\t\t\t\t\t\t\t\t\t<img decoding=\"async\" width=\"800\" height=\"534\" src=\"https:\/\/safeinsegne.it\/wp-content\/uploads\/2026\/01\/Carro-1024x683.webp\" class=\"attachment-large size-large wp-image-726\" alt=\"\" srcset=\"https:\/\/safeinsegne.it\/wp-content\/uploads\/2026\/01\/Carro-1024x683.webp 1024w, https:\/\/safeinsegne.it\/wp-content\/uploads\/2026\/01\/Carro-300x200.webp 300w, https:\/\/safeinsegne.it\/wp-content\/uploads\/2026\/01\/Carro-768x512.webp 768w, https:\/\/safeinsegne.it\/wp-content\/uploads\/2026\/01\/Carro.webp 1536w\" sizes=\"(max-width: 800px) 100vw, 800px\" \/>\t\t\t\t\t\t\t\t\t\t\t\t\t\t\t<\/div>\n\t\t\t\t<\/div>\n\t\t\t\t\t<\/div>\n\t\t\t\t<\/div>\n\t\t\t\t<\/div>\n\t\t","protected":false},"excerpt":{"rendered":"<p>Insegne Luminose Finitura professionale e durata a lungo termine L&#8217;impatto maggiore sulla visita e sull&#8217;attivit\u00e0 commerciale dell&#8217;azienda \u00e8 prossimo a una soluzione con un forte impatto sull&#8217;immagine stessa del marchio, ancora pi\u00f9 grande. Le insegne luminose fungono da faro magnetico per il business, garantendo la massima visibilit\u00e0 h24 e consolidando la presenza del brand sul [&hellip;]<\/p>\n","protected":false},"author":1,"featured_media":0,"parent":0,"menu_order":0,"comment_status":"closed","ping_status":"closed","template":"elementor_header_footer","meta":{"footnotes":""},"class_list":["post-626","page","type-page","status-publish","hentry"],"yoast_head":"<!-- This site is optimized with the Yoast SEO plugin v27.3 - https:\/\/yoast.com\/product\/yoast-seo-wordpress\/ -->\n<title>Insegne Luminose - Safe - Insegne, Adesivi e Pellicole a Specchio Antisolari<\/title>\n<meta name=\"robots\" content=\"index, follow, max-snippet:-1, max-image-preview:large, max-video-preview:-1\" \/>\n<link rel=\"canonical\" href=\"https:\/\/safeinsegne.it\/?page_id=626\" \/>\n<meta property=\"og:locale\" content=\"en_US\" \/>\n<meta property=\"og:type\" content=\"article\" \/>\n<meta property=\"og:title\" content=\"Insegne Luminose - Safe - Insegne, Adesivi e Pellicole a Specchio Antisolari\" \/>\n<meta property=\"og:description\" content=\"Insegne Luminose Finitura professionale e durata a lungo termine L&#8217;impatto maggiore sulla visita e sull&#8217;attivit\u00e0 commerciale dell&#8217;azienda \u00e8 prossimo a una soluzione con un forte impatto sull&#8217;immagine stessa del marchio, ancora pi\u00f9 grande. Le insegne luminose fungono da faro magnetico per il business, garantendo la massima visibilit\u00e0 h24 e consolidando la presenza del brand sul [&hellip;]\" \/>\n<meta property=\"og:url\" content=\"https:\/\/safeinsegne.it\/?page_id=626\" \/>\n<meta property=\"og:site_name\" content=\"Safe - Insegne, Adesivi e Pellicole a Specchio Antisolari\" \/>\n<meta property=\"article:modified_time\" content=\"2026-03-02T16:02:49+00:00\" \/>\n<meta property=\"og:image\" content=\"https:\/\/safeinsegne.it\/wp-content\/uploads\/2025\/12\/WhatsApp-Image-2025-10-20-at-21.10.08-1024x713.jpeg\" \/>\n<meta name=\"twitter:card\" content=\"summary_large_image\" \/>\n<meta name=\"twitter:label1\" content=\"Est. reading time\" \/>\n\t<meta name=\"twitter:data1\" content=\"2 minutes\" \/>\n<script type=\"application\/ld+json\" class=\"yoast-schema-graph\">{\"@context\":\"https:\\\/\\\/schema.org\",\"@graph\":[{\"@type\":\"WebPage\",\"@id\":\"https:\\\/\\\/safeinsegne.it\\\/?page_id=626\",\"url\":\"https:\\\/\\\/safeinsegne.it\\\/?page_id=626\",\"name\":\"Insegne Luminose - Safe - Insegne, Adesivi e Pellicole a Specchio Antisolari\",\"isPartOf\":{\"@id\":\"https:\\\/\\\/safeinsegne.it\\\/#website\"},\"primaryImageOfPage\":{\"@id\":\"https:\\\/\\\/safeinsegne.it\\\/?page_id=626#primaryimage\"},\"image\":{\"@id\":\"https:\\\/\\\/safeinsegne.it\\\/?page_id=626#primaryimage\"},\"thumbnailUrl\":\"https:\\\/\\\/safeinsegne.it\\\/wp-content\\\/uploads\\\/2025\\\/12\\\/WhatsApp-Image-2025-10-20-at-21.10.08-1024x713.jpeg\",\"datePublished\":\"2025-12-12T00:42:56+00:00\",\"dateModified\":\"2026-03-02T16:02:49+00:00\",\"breadcrumb\":{\"@id\":\"https:\\\/\\\/safeinsegne.it\\\/?page_id=626#breadcrumb\"},\"inLanguage\":\"en-US\",\"potentialAction\":[{\"@type\":\"ReadAction\",\"target\":[\"https:\\\/\\\/safeinsegne.it\\\/?page_id=626\"]}]},{\"@type\":\"ImageObject\",\"inLanguage\":\"en-US\",\"@id\":\"https:\\\/\\\/safeinsegne.it\\\/?page_id=626#primaryimage\",\"url\":\"https:\\\/\\\/safeinsegne.it\\\/wp-content\\\/uploads\\\/2025\\\/12\\\/WhatsApp-Image-2025-10-20-at-21.10.08.jpeg\",\"contentUrl\":\"https:\\\/\\\/safeinsegne.it\\\/wp-content\\\/uploads\\\/2025\\\/12\\\/WhatsApp-Image-2025-10-20-at-21.10.08.jpeg\",\"width\":1170,\"height\":815},{\"@type\":\"BreadcrumbList\",\"@id\":\"https:\\\/\\\/safeinsegne.it\\\/?page_id=626#breadcrumb\",\"itemListElement\":[{\"@type\":\"ListItem\",\"position\":1,\"name\":\"In\u00edcio\",\"item\":\"https:\\\/\\\/safeinsegne.it\\\/\"},{\"@type\":\"ListItem\",\"position\":2,\"name\":\"Insegne Luminose\"}]},{\"@type\":\"WebSite\",\"@id\":\"https:\\\/\\\/safeinsegne.it\\\/#website\",\"url\":\"https:\\\/\\\/safeinsegne.it\\\/\",\"name\":\"Safe - Insegne & Adesivi\",\"description\":\"Pellicole Antisolari, Insegne Luminose, Decorazioni\",\"publisher\":{\"@id\":\"https:\\\/\\\/safeinsegne.it\\\/#organization\"},\"potentialAction\":[{\"@type\":\"SearchAction\",\"target\":{\"@type\":\"EntryPoint\",\"urlTemplate\":\"https:\\\/\\\/safeinsegne.it\\\/?s={search_term_string}\"},\"query-input\":{\"@type\":\"PropertyValueSpecification\",\"valueRequired\":true,\"valueName\":\"search_term_string\"}}],\"inLanguage\":\"en-US\"},{\"@type\":\"Organization\",\"@id\":\"https:\\\/\\\/safeinsegne.it\\\/#organization\",\"name\":\"Safe - Insegne & Adesivi\",\"url\":\"https:\\\/\\\/safeinsegne.it\\\/\",\"logo\":{\"@type\":\"ImageObject\",\"inLanguage\":\"en-US\",\"@id\":\"https:\\\/\\\/safeinsegne.it\\\/#\\\/schema\\\/logo\\\/image\\\/\",\"url\":\"https:\\\/\\\/safeinsegne.it\\\/wp-content\\\/uploads\\\/2025\\\/11\\\/Logo_01.png\",\"contentUrl\":\"https:\\\/\\\/safeinsegne.it\\\/wp-content\\\/uploads\\\/2025\\\/11\\\/Logo_01.png\",\"width\":1684,\"height\":612,\"caption\":\"Safe - Insegne & Adesivi\"},\"image\":{\"@id\":\"https:\\\/\\\/safeinsegne.it\\\/#\\\/schema\\\/logo\\\/image\\\/\"},\"sameAs\":[\"https:\\\/\\\/www.instagram.com\\\/safe.insegne\\\/\"]}]}<\/script>\n<!-- \/ Yoast SEO plugin. -->","yoast_head_json":{"title":"Insegne Luminose - Safe - Insegne, Adesivi e Pellicole a Specchio Antisolari","robots":{"index":"index","follow":"follow","max-snippet":"max-snippet:-1","max-image-preview":"max-image-preview:large","max-video-preview":"max-video-preview:-1"},"canonical":"https:\/\/safeinsegne.it\/?page_id=626","og_locale":"en_US","og_type":"article","og_title":"Insegne Luminose - Safe - Insegne, Adesivi e Pellicole a Specchio Antisolari","og_description":"Insegne Luminose Finitura professionale e durata a lungo termine L&#8217;impatto maggiore sulla visita e sull&#8217;attivit\u00e0 commerciale dell&#8217;azienda \u00e8 prossimo a una soluzione con un forte impatto sull&#8217;immagine stessa del marchio, ancora pi\u00f9 grande. Le insegne luminose fungono da faro magnetico per il business, garantendo la massima visibilit\u00e0 h24 e consolidando la presenza del brand sul [&hellip;]","og_url":"https:\/\/safeinsegne.it\/?page_id=626","og_site_name":"Safe - Insegne, Adesivi e Pellicole a Specchio Antisolari","article_modified_time":"2026-03-02T16:02:49+00:00","og_image":[{"url":"https:\/\/safeinsegne.it\/wp-content\/uploads\/2025\/12\/WhatsApp-Image-2025-10-20-at-21.10.08-1024x713.jpeg","type":"","width":"","height":""}],"twitter_card":"summary_large_image","twitter_misc":{"Est. reading time":"2 minutes"},"schema":{"@context":"https:\/\/schema.org","@graph":[{"@type":"WebPage","@id":"https:\/\/safeinsegne.it\/?page_id=626","url":"https:\/\/safeinsegne.it\/?page_id=626","name":"Insegne Luminose - Safe - Insegne, Adesivi e Pellicole a Specchio Antisolari","isPartOf":{"@id":"https:\/\/safeinsegne.it\/#website"},"primaryImageOfPage":{"@id":"https:\/\/safeinsegne.it\/?page_id=626#primaryimage"},"image":{"@id":"https:\/\/safeinsegne.it\/?page_id=626#primaryimage"},"thumbnailUrl":"https:\/\/safeinsegne.it\/wp-content\/uploads\/2025\/12\/WhatsApp-Image-2025-10-20-at-21.10.08-1024x713.jpeg","datePublished":"2025-12-12T00:42:56+00:00","dateModified":"2026-03-02T16:02:49+00:00","breadcrumb":{"@id":"https:\/\/safeinsegne.it\/?page_id=626#breadcrumb"},"inLanguage":"en-US","potentialAction":[{"@type":"ReadAction","target":["https:\/\/safeinsegne.it\/?page_id=626"]}]},{"@type":"ImageObject","inLanguage":"en-US","@id":"https:\/\/safeinsegne.it\/?page_id=626#primaryimage","url":"https:\/\/safeinsegne.it\/wp-content\/uploads\/2025\/12\/WhatsApp-Image-2025-10-20-at-21.10.08.jpeg","contentUrl":"https:\/\/safeinsegne.it\/wp-content\/uploads\/2025\/12\/WhatsApp-Image-2025-10-20-at-21.10.08.jpeg","width":1170,"height":815},{"@type":"BreadcrumbList","@id":"https:\/\/safeinsegne.it\/?page_id=626#breadcrumb","itemListElement":[{"@type":"ListItem","position":1,"name":"In\u00edcio","item":"https:\/\/safeinsegne.it\/"},{"@type":"ListItem","position":2,"name":"Insegne Luminose"}]},{"@type":"WebSite","@id":"https:\/\/safeinsegne.it\/#website","url":"https:\/\/safeinsegne.it\/","name":"Safe - Insegne & Adesivi","description":"Pellicole Antisolari, Insegne Luminose, Decorazioni","publisher":{"@id":"https:\/\/safeinsegne.it\/#organization"},"potentialAction":[{"@type":"SearchAction","target":{"@type":"EntryPoint","urlTemplate":"https:\/\/safeinsegne.it\/?s={search_term_string}"},"query-input":{"@type":"PropertyValueSpecification","valueRequired":true,"valueName":"search_term_string"}}],"inLanguage":"en-US"},{"@type":"Organization","@id":"https:\/\/safeinsegne.it\/#organization","name":"Safe - Insegne & Adesivi","url":"https:\/\/safeinsegne.it\/","logo":{"@type":"ImageObject","inLanguage":"en-US","@id":"https:\/\/safeinsegne.it\/#\/schema\/logo\/image\/","url":"https:\/\/safeinsegne.it\/wp-content\/uploads\/2025\/11\/Logo_01.png","contentUrl":"https:\/\/safeinsegne.it\/wp-content\/uploads\/2025\/11\/Logo_01.png","width":1684,"height":612,"caption":"Safe - Insegne & Adesivi"},"image":{"@id":"https:\/\/safeinsegne.it\/#\/schema\/logo\/image\/"},"sameAs":["https:\/\/www.instagram.com\/safe.insegne\/"]}]}},"_links":{"self":[{"href":"https:\/\/safeinsegne.it\/index.php?rest_route=\/wp\/v2\/pages\/626","targetHints":{"allow":["GET"]}}],"collection":[{"href":"https:\/\/safeinsegne.it\/index.php?rest_route=\/wp\/v2\/pages"}],"about":[{"href":"https:\/\/safeinsegne.it\/index.php?rest_route=\/wp\/v2\/types\/page"}],"author":[{"embeddable":true,"href":"https:\/\/safeinsegne.it\/index.php?rest_route=\/wp\/v2\/users\/1"}],"replies":[{"embeddable":true,"href":"https:\/\/safeinsegne.it\/index.php?rest_route=%2Fwp%2Fv2%2Fcomments&post=626"}],"version-history":[{"count":19,"href":"https:\/\/safeinsegne.it\/index.php?rest_route=\/wp\/v2\/pages\/626\/revisions"}],"predecessor-version":[{"id":1093,"href":"https:\/\/safeinsegne.it\/index.php?rest_route=\/wp\/v2\/pages\/626\/revisions\/1093"}],"wp:attachment":[{"href":"https:\/\/safeinsegne.it\/index.php?rest_route=%2Fwp%2Fv2%2Fmedia&parent=626"}],"curies":[{"name":"wp","href":"https:\/\/api.w.org\/{rel}","templated":true}]}}