{"id":620,"date":"2025-12-12T00:39:48","date_gmt":"2025-12-12T00:39:48","guid":{"rendered":"https:\/\/andersonpereiradesign.com.br\/safe\/?page_id=620"},"modified":"2026-03-02T16:02:18","modified_gmt":"2026-03-02T16:02:18","slug":"teste-menu","status":"publish","type":"page","link":"https:\/\/safeinsegne.it\/?page_id=620","title":{"rendered":"Vetrofanie"},"content":{"rendered":"\t\t<div data-elementor-type=\"wp-page\" data-elementor-id=\"620\" class=\"elementor elementor-620\" data-elementor-post-type=\"page\">\n\t\t\t\t\t\t<section class=\"elementor-section elementor-top-section elementor-element elementor-element-bfe26b9 elementor-section-full_width elementor-section-height-default elementor-section-height-default\" data-id=\"bfe26b9\" data-element_type=\"section\" data-e-type=\"section\">\n\t\t\t\t\t\t<div class=\"elementor-container elementor-column-gap-default\">\n\t\t\t\t\t<div class=\"elementor-column elementor-col-100 elementor-top-column elementor-element elementor-element-266dae8 elementor-invisible\" data-id=\"266dae8\" data-element_type=\"column\" data-e-type=\"column\" data-settings=\"{&quot;background_background&quot;:&quot;classic&quot;,&quot;animation&quot;:&quot;fadeIn&quot;}\">\n\t\t\t<div class=\"elementor-widget-wrap elementor-element-populated\">\n\t\t\t\t\t<div class=\"elementor-background-overlay\"><\/div>\n\t\t\t\t\t\t<div class=\"elementor-element elementor-element-3b9d8f4 elementor-widget elementor-widget-heading\" data-id=\"3b9d8f4\" data-element_type=\"widget\" data-e-type=\"widget\" data-widget_type=\"heading.default\">\n\t\t\t\t\t<h1 class=\"elementor-heading-title elementor-size-default\">Vetrofanie<\/h1>\t\t\t\t<\/div>\n\t\t\t\t\t<\/div>\n\t\t<\/div>\n\t\t\t\t\t<\/div>\n\t\t<\/section>\n\t\t<div class=\"elementor-element elementor-element-ead947a e-flex e-con-boxed e-con e-parent\" data-id=\"ead947a\" data-element_type=\"container\" data-e-type=\"container\">\n\t\t\t\t\t<div class=\"e-con-inner\">\n\t\t\t\t<div class=\"elementor-element elementor-element-4a77ce1 elementor-widget elementor-widget-heading\" data-id=\"4a77ce1\" data-element_type=\"widget\" data-e-type=\"widget\" data-widget_type=\"heading.default\">\n\t\t\t\t\t<h2 class=\"elementor-heading-title elementor-size-default\">Finitura professionale e durata a lungo termine\n<\/h2>\t\t\t\t<\/div>\n\t\t\t\t<div class=\"elementor-element elementor-element-a519fc0 elementor-widget-divider--view-line elementor-widget elementor-widget-divider\" data-id=\"a519fc0\" data-element_type=\"widget\" data-e-type=\"widget\" data-widget_type=\"divider.default\">\n\t\t\t\t\t\t\t<div class=\"elementor-divider\">\n\t\t\t<span class=\"elementor-divider-separator\">\n\t\t\t\t\t\t<\/span>\n\t\t<\/div>\n\t\t\t\t\t\t<\/div>\n\t\t<div class=\"elementor-element elementor-element-0c5335c e-con-full e-flex e-con e-child\" data-id=\"0c5335c\" data-element_type=\"container\" data-e-type=\"container\">\n\t\t\t\t<div class=\"elementor-element elementor-element-f19ef4b elementor-widget elementor-widget-heading\" data-id=\"f19ef4b\" data-element_type=\"widget\" data-e-type=\"widget\" data-widget_type=\"heading.default\">\n\t\t\t\t\t<h2 class=\"elementor-heading-title elementor-size-default\">Le vetrofanie sono una delle soluzioni pi\u00f9<b> immediate<\/b> per comunicare il <b>messaggio pubblicitario<\/b>.\nLa decorazione pu\u00f2 essere effettuata per pubblicizzare il proprio brand, per comunicare al cliente servizi e prodotti offerti o, semplicemente, per completare l\u2019immagine coordinata aziendale.\n<\/h2>\t\t\t\t<\/div>\n\t\t<div class=\"elementor-element elementor-element-05cb93f e-grid e-con-full e-con e-child\" data-id=\"05cb93f\" data-element_type=\"container\" data-e-type=\"container\">\n\t\t\t\t<div class=\"elementor-element elementor-element-f6a2f00 elementor-widget elementor-widget-image\" data-id=\"f6a2f00\" data-element_type=\"widget\" data-e-type=\"widget\" data-widget_type=\"image.default\">\n\t\t\t\t\t\t\t\t\t\t\t\t\t\t\t<img fetchpriority=\"high\" decoding=\"async\" width=\"800\" height=\"600\" src=\"https:\/\/safeinsegne.it\/wp-content\/uploads\/2026\/02\/01-5-1024x768.jpeg\" class=\"attachment-large size-large wp-image-975\" alt=\"\" srcset=\"https:\/\/safeinsegne.it\/wp-content\/uploads\/2026\/02\/01-5-1024x768.jpeg 1024w, https:\/\/safeinsegne.it\/wp-content\/uploads\/2026\/02\/01-5-300x225.jpeg 300w, https:\/\/safeinsegne.it\/wp-content\/uploads\/2026\/02\/01-5-768x576.jpeg 768w, https:\/\/safeinsegne.it\/wp-content\/uploads\/2026\/02\/01-5-1536x1152.jpeg 1536w, https:\/\/safeinsegne.it\/wp-content\/uploads\/2026\/02\/01-5.jpeg 1600w\" sizes=\"(max-width: 800px) 100vw, 800px\" \/>\t\t\t\t\t\t\t\t\t\t\t\t\t\t\t<\/div>\n\t\t\t\t<div class=\"elementor-element elementor-element-ccfc5a7 elementor-widget elementor-widget-image\" data-id=\"ccfc5a7\" data-element_type=\"widget\" data-e-type=\"widget\" data-widget_type=\"image.default\">\n\t\t\t\t\t\t\t\t\t\t\t\t\t\t\t<img decoding=\"async\" width=\"800\" height=\"600\" src=\"https:\/\/safeinsegne.it\/wp-content\/uploads\/2026\/02\/07-6-1024x768.jpeg\" class=\"attachment-large size-large wp-image-981\" alt=\"\" srcset=\"https:\/\/safeinsegne.it\/wp-content\/uploads\/2026\/02\/07-6-1024x768.jpeg 1024w, https:\/\/safeinsegne.it\/wp-content\/uploads\/2026\/02\/07-6-300x225.jpeg 300w, https:\/\/safeinsegne.it\/wp-content\/uploads\/2026\/02\/07-6-768x576.jpeg 768w, https:\/\/safeinsegne.it\/wp-content\/uploads\/2026\/02\/07-6-1536x1152.jpeg 1536w, https:\/\/safeinsegne.it\/wp-content\/uploads\/2026\/02\/07-6.jpeg 1600w\" sizes=\"(max-width: 800px) 100vw, 800px\" \/>\t\t\t\t\t\t\t\t\t\t\t\t\t\t\t<\/div>\n\t\t\t\t<\/div>\n\t\t\t\t<\/div>\n\t\t<div class=\"elementor-element elementor-element-4ceec8e e-con-full e-flex e-con e-child\" data-id=\"4ceec8e\" data-element_type=\"container\" data-e-type=\"container\">\n\t\t\t\t<div class=\"elementor-element elementor-element-8dcf561 elementor-widget elementor-widget-heading\" data-id=\"8dcf561\" data-element_type=\"widget\" data-e-type=\"widget\" data-widget_type=\"heading.default\">\n\t\t\t\t\t<h2 class=\"elementor-heading-title elementor-size-default\">Le vetrofanie sono un potente strumento di marketing visivo che trasforma le superfici trasparenti in spazi pubblicitari dinamici, capaci di <b data-path-to-node=\"0\" data-index-in-node=\"141\">attirare l'attenzione dei passanti<\/b>, comunicare l'identit\u00e0 del brand e <b>incentivare l'ingresso<\/b> nel punto vendita.<\/h2>\t\t\t\t<\/div>\n\t\t\t\t<\/div>\n\t\t\t\t\t<\/div>\n\t\t\t\t<\/div>\n\t\t<div class=\"elementor-element elementor-element-c1e9975 e-flex e-con-boxed e-con e-parent\" data-id=\"c1e9975\" data-element_type=\"container\" data-e-type=\"container\" data-settings=\"{&quot;background_background&quot;:&quot;classic&quot;}\">\n\t\t\t\t\t<div class=\"e-con-inner\">\n\t\t<div class=\"elementor-element elementor-element-caec147 e-con-full e-flex e-con e-child\" data-id=\"caec147\" data-element_type=\"container\" data-e-type=\"container\">\n\t\t\t\t<div class=\"elementor-element elementor-element-3d03726 elementor-widget elementor-widget-heading\" data-id=\"3d03726\" data-element_type=\"widget\" data-e-type=\"widget\" data-widget_type=\"heading.default\">\n\t\t\t\t\t<h2 class=\"elementor-heading-title elementor-size-default\">Perch\u00e9 scegliere noi?<\/h2>\t\t\t\t<\/div>\n\t\t\t\t<div class=\"elementor-element elementor-element-0da475f elementor-widget elementor-widget-text-editor\" data-id=\"0da475f\" data-element_type=\"widget\" data-e-type=\"widget\" data-widget_type=\"text-editor.default\">\n\t\t\t\t\t\t\t\t\t<p>Grazie all&#8217;utilizzo di materiali ad alte prestazioni, all&#8217;applicazione tecnica e alla massima attenzione ai dettagli, garantiamo adesivi che non sbiadiscono n\u00e9 si staccano, mantenendo l&#8217;aspetto professionale del vostro veicolo molto pi\u00f9 a lungo. La nostra consegna \u00e8 rapida, sicura e incentrata sulla qualit\u00e0 autentica, dal primo contatto al risultato finale.<\/p>\t\t\t\t\t\t\t\t<\/div>\n\t\t\t\t<\/div>\n\t\t<div class=\"elementor-element elementor-element-f031bf8 e-con-full e-flex e-con e-child\" data-id=\"f031bf8\" data-element_type=\"container\" data-e-type=\"container\">\n\t\t\t\t<div class=\"elementor-element elementor-element-0102abf elementor-widget elementor-widget-image\" data-id=\"0102abf\" data-element_type=\"widget\" data-e-type=\"widget\" data-widget_type=\"image.default\">\n\t\t\t\t\t\t\t\t\t\t\t\t\t\t\t<img decoding=\"async\" width=\"800\" height=\"534\" src=\"https:\/\/safeinsegne.it\/wp-content\/uploads\/2026\/01\/Carro-1024x683.webp\" class=\"attachment-large size-large wp-image-726\" alt=\"\" srcset=\"https:\/\/safeinsegne.it\/wp-content\/uploads\/2026\/01\/Carro-1024x683.webp 1024w, https:\/\/safeinsegne.it\/wp-content\/uploads\/2026\/01\/Carro-300x200.webp 300w, https:\/\/safeinsegne.it\/wp-content\/uploads\/2026\/01\/Carro-768x512.webp 768w, https:\/\/safeinsegne.it\/wp-content\/uploads\/2026\/01\/Carro.webp 1536w\" sizes=\"(max-width: 800px) 100vw, 800px\" \/>\t\t\t\t\t\t\t\t\t\t\t\t\t\t\t<\/div>\n\t\t\t\t<\/div>\n\t\t\t\t\t<\/div>\n\t\t\t\t<\/div>\n\t\t\t\t<\/div>\n\t\t","protected":false},"excerpt":{"rendered":"<p>Vetrofanie Finitura professionale e durata a lungo termine Le vetrofanie sono una delle soluzioni pi\u00f9 immediate per comunicare il messaggio pubblicitario. La decorazione pu\u00f2 essere effettuata per pubblicizzare il proprio brand, per comunicare al cliente servizi e prodotti offerti o, semplicemente, per completare l\u2019immagine coordinata aziendale. Le vetrofanie sono un potente strumento di marketing visivo [&hellip;]<\/p>\n","protected":false},"author":1,"featured_media":0,"parent":0,"menu_order":0,"comment_status":"closed","ping_status":"closed","template":"elementor_header_footer","meta":{"footnotes":""},"class_list":["post-620","page","type-page","status-publish","hentry"],"yoast_head":"<!-- This site is optimized with the Yoast SEO plugin v27.3 - https:\/\/yoast.com\/product\/yoast-seo-wordpress\/ -->\n<title>Vetrofanie - Safe - Insegne, Adesivi e Pellicole a Specchio Antisolari<\/title>\n<meta name=\"robots\" content=\"index, follow, max-snippet:-1, max-image-preview:large, max-video-preview:-1\" \/>\n<link rel=\"canonical\" href=\"https:\/\/safeinsegne.it\/?page_id=620\" \/>\n<meta property=\"og:locale\" content=\"en_US\" \/>\n<meta property=\"og:type\" content=\"article\" \/>\n<meta property=\"og:title\" content=\"Vetrofanie - Safe - Insegne, Adesivi e Pellicole a Specchio Antisolari\" \/>\n<meta property=\"og:description\" content=\"Vetrofanie Finitura professionale e durata a lungo termine Le vetrofanie sono una delle soluzioni pi\u00f9 immediate per comunicare il messaggio pubblicitario. La decorazione pu\u00f2 essere effettuata per pubblicizzare il proprio brand, per comunicare al cliente servizi e prodotti offerti o, semplicemente, per completare l\u2019immagine coordinata aziendale. Le vetrofanie sono un potente strumento di marketing visivo [&hellip;]\" \/>\n<meta property=\"og:url\" content=\"https:\/\/safeinsegne.it\/?page_id=620\" \/>\n<meta property=\"og:site_name\" content=\"Safe - Insegne, Adesivi e Pellicole a Specchio Antisolari\" \/>\n<meta property=\"article:modified_time\" content=\"2026-03-02T16:02:18+00:00\" \/>\n<meta property=\"og:image\" content=\"https:\/\/safeinsegne.it\/wp-content\/uploads\/2026\/02\/01-5-1024x768.jpeg\" \/>\n<meta name=\"twitter:card\" content=\"summary_large_image\" \/>\n<meta name=\"twitter:label1\" content=\"Est. reading time\" \/>\n\t<meta name=\"twitter:data1\" content=\"2 minutes\" \/>\n<script type=\"application\/ld+json\" class=\"yoast-schema-graph\">{\"@context\":\"https:\\\/\\\/schema.org\",\"@graph\":[{\"@type\":\"WebPage\",\"@id\":\"https:\\\/\\\/safeinsegne.it\\\/?page_id=620\",\"url\":\"https:\\\/\\\/safeinsegne.it\\\/?page_id=620\",\"name\":\"Vetrofanie - Safe - Insegne, Adesivi e Pellicole a Specchio Antisolari\",\"isPartOf\":{\"@id\":\"https:\\\/\\\/safeinsegne.it\\\/#website\"},\"primaryImageOfPage\":{\"@id\":\"https:\\\/\\\/safeinsegne.it\\\/?page_id=620#primaryimage\"},\"image\":{\"@id\":\"https:\\\/\\\/safeinsegne.it\\\/?page_id=620#primaryimage\"},\"thumbnailUrl\":\"https:\\\/\\\/safeinsegne.it\\\/wp-content\\\/uploads\\\/2026\\\/02\\\/01-5-1024x768.jpeg\",\"datePublished\":\"2025-12-12T00:39:48+00:00\",\"dateModified\":\"2026-03-02T16:02:18+00:00\",\"breadcrumb\":{\"@id\":\"https:\\\/\\\/safeinsegne.it\\\/?page_id=620#breadcrumb\"},\"inLanguage\":\"en-US\",\"potentialAction\":[{\"@type\":\"ReadAction\",\"target\":[\"https:\\\/\\\/safeinsegne.it\\\/?page_id=620\"]}]},{\"@type\":\"ImageObject\",\"inLanguage\":\"en-US\",\"@id\":\"https:\\\/\\\/safeinsegne.it\\\/?page_id=620#primaryimage\",\"url\":\"https:\\\/\\\/safeinsegne.it\\\/wp-content\\\/uploads\\\/2026\\\/02\\\/01-5.jpeg\",\"contentUrl\":\"https:\\\/\\\/safeinsegne.it\\\/wp-content\\\/uploads\\\/2026\\\/02\\\/01-5.jpeg\",\"width\":1600,\"height\":1200},{\"@type\":\"BreadcrumbList\",\"@id\":\"https:\\\/\\\/safeinsegne.it\\\/?page_id=620#breadcrumb\",\"itemListElement\":[{\"@type\":\"ListItem\",\"position\":1,\"name\":\"In\u00edcio\",\"item\":\"https:\\\/\\\/safeinsegne.it\\\/\"},{\"@type\":\"ListItem\",\"position\":2,\"name\":\"Vetrofanie\"}]},{\"@type\":\"WebSite\",\"@id\":\"https:\\\/\\\/safeinsegne.it\\\/#website\",\"url\":\"https:\\\/\\\/safeinsegne.it\\\/\",\"name\":\"Safe - Insegne & Adesivi\",\"description\":\"Pellicole Antisolari, Insegne Luminose, Decorazioni\",\"publisher\":{\"@id\":\"https:\\\/\\\/safeinsegne.it\\\/#organization\"},\"potentialAction\":[{\"@type\":\"SearchAction\",\"target\":{\"@type\":\"EntryPoint\",\"urlTemplate\":\"https:\\\/\\\/safeinsegne.it\\\/?s={search_term_string}\"},\"query-input\":{\"@type\":\"PropertyValueSpecification\",\"valueRequired\":true,\"valueName\":\"search_term_string\"}}],\"inLanguage\":\"en-US\"},{\"@type\":\"Organization\",\"@id\":\"https:\\\/\\\/safeinsegne.it\\\/#organization\",\"name\":\"Safe - Insegne & Adesivi\",\"url\":\"https:\\\/\\\/safeinsegne.it\\\/\",\"logo\":{\"@type\":\"ImageObject\",\"inLanguage\":\"en-US\",\"@id\":\"https:\\\/\\\/safeinsegne.it\\\/#\\\/schema\\\/logo\\\/image\\\/\",\"url\":\"https:\\\/\\\/safeinsegne.it\\\/wp-content\\\/uploads\\\/2025\\\/11\\\/Logo_01.png\",\"contentUrl\":\"https:\\\/\\\/safeinsegne.it\\\/wp-content\\\/uploads\\\/2025\\\/11\\\/Logo_01.png\",\"width\":1684,\"height\":612,\"caption\":\"Safe - Insegne & Adesivi\"},\"image\":{\"@id\":\"https:\\\/\\\/safeinsegne.it\\\/#\\\/schema\\\/logo\\\/image\\\/\"},\"sameAs\":[\"https:\\\/\\\/www.instagram.com\\\/safe.insegne\\\/\"]}]}<\/script>\n<!-- \/ Yoast SEO plugin. -->","yoast_head_json":{"title":"Vetrofanie - Safe - Insegne, Adesivi e Pellicole a Specchio Antisolari","robots":{"index":"index","follow":"follow","max-snippet":"max-snippet:-1","max-image-preview":"max-image-preview:large","max-video-preview":"max-video-preview:-1"},"canonical":"https:\/\/safeinsegne.it\/?page_id=620","og_locale":"en_US","og_type":"article","og_title":"Vetrofanie - Safe - Insegne, Adesivi e Pellicole a Specchio Antisolari","og_description":"Vetrofanie Finitura professionale e durata a lungo termine Le vetrofanie sono una delle soluzioni pi\u00f9 immediate per comunicare il messaggio pubblicitario. La decorazione pu\u00f2 essere effettuata per pubblicizzare il proprio brand, per comunicare al cliente servizi e prodotti offerti o, semplicemente, per completare l\u2019immagine coordinata aziendale. Le vetrofanie sono un potente strumento di marketing visivo [&hellip;]","og_url":"https:\/\/safeinsegne.it\/?page_id=620","og_site_name":"Safe - Insegne, Adesivi e Pellicole a Specchio Antisolari","article_modified_time":"2026-03-02T16:02:18+00:00","og_image":[{"url":"https:\/\/safeinsegne.it\/wp-content\/uploads\/2026\/02\/01-5-1024x768.jpeg","type":"","width":"","height":""}],"twitter_card":"summary_large_image","twitter_misc":{"Est. reading time":"2 minutes"},"schema":{"@context":"https:\/\/schema.org","@graph":[{"@type":"WebPage","@id":"https:\/\/safeinsegne.it\/?page_id=620","url":"https:\/\/safeinsegne.it\/?page_id=620","name":"Vetrofanie - Safe - Insegne, Adesivi e Pellicole a Specchio Antisolari","isPartOf":{"@id":"https:\/\/safeinsegne.it\/#website"},"primaryImageOfPage":{"@id":"https:\/\/safeinsegne.it\/?page_id=620#primaryimage"},"image":{"@id":"https:\/\/safeinsegne.it\/?page_id=620#primaryimage"},"thumbnailUrl":"https:\/\/safeinsegne.it\/wp-content\/uploads\/2026\/02\/01-5-1024x768.jpeg","datePublished":"2025-12-12T00:39:48+00:00","dateModified":"2026-03-02T16:02:18+00:00","breadcrumb":{"@id":"https:\/\/safeinsegne.it\/?page_id=620#breadcrumb"},"inLanguage":"en-US","potentialAction":[{"@type":"ReadAction","target":["https:\/\/safeinsegne.it\/?page_id=620"]}]},{"@type":"ImageObject","inLanguage":"en-US","@id":"https:\/\/safeinsegne.it\/?page_id=620#primaryimage","url":"https:\/\/safeinsegne.it\/wp-content\/uploads\/2026\/02\/01-5.jpeg","contentUrl":"https:\/\/safeinsegne.it\/wp-content\/uploads\/2026\/02\/01-5.jpeg","width":1600,"height":1200},{"@type":"BreadcrumbList","@id":"https:\/\/safeinsegne.it\/?page_id=620#breadcrumb","itemListElement":[{"@type":"ListItem","position":1,"name":"In\u00edcio","item":"https:\/\/safeinsegne.it\/"},{"@type":"ListItem","position":2,"name":"Vetrofanie"}]},{"@type":"WebSite","@id":"https:\/\/safeinsegne.it\/#website","url":"https:\/\/safeinsegne.it\/","name":"Safe - Insegne & Adesivi","description":"Pellicole Antisolari, Insegne Luminose, Decorazioni","publisher":{"@id":"https:\/\/safeinsegne.it\/#organization"},"potentialAction":[{"@type":"SearchAction","target":{"@type":"EntryPoint","urlTemplate":"https:\/\/safeinsegne.it\/?s={search_term_string}"},"query-input":{"@type":"PropertyValueSpecification","valueRequired":true,"valueName":"search_term_string"}}],"inLanguage":"en-US"},{"@type":"Organization","@id":"https:\/\/safeinsegne.it\/#organization","name":"Safe - Insegne & Adesivi","url":"https:\/\/safeinsegne.it\/","logo":{"@type":"ImageObject","inLanguage":"en-US","@id":"https:\/\/safeinsegne.it\/#\/schema\/logo\/image\/","url":"https:\/\/safeinsegne.it\/wp-content\/uploads\/2025\/11\/Logo_01.png","contentUrl":"https:\/\/safeinsegne.it\/wp-content\/uploads\/2025\/11\/Logo_01.png","width":1684,"height":612,"caption":"Safe - Insegne & Adesivi"},"image":{"@id":"https:\/\/safeinsegne.it\/#\/schema\/logo\/image\/"},"sameAs":["https:\/\/www.instagram.com\/safe.insegne\/"]}]}},"_links":{"self":[{"href":"https:\/\/safeinsegne.it\/index.php?rest_route=\/wp\/v2\/pages\/620","targetHints":{"allow":["GET"]}}],"collection":[{"href":"https:\/\/safeinsegne.it\/index.php?rest_route=\/wp\/v2\/pages"}],"about":[{"href":"https:\/\/safeinsegne.it\/index.php?rest_route=\/wp\/v2\/types\/page"}],"author":[{"embeddable":true,"href":"https:\/\/safeinsegne.it\/index.php?rest_route=\/wp\/v2\/users\/1"}],"replies":[{"embeddable":true,"href":"https:\/\/safeinsegne.it\/index.php?rest_route=%2Fwp%2Fv2%2Fcomments&post=620"}],"version-history":[{"count":20,"href":"https:\/\/safeinsegne.it\/index.php?rest_route=\/wp\/v2\/pages\/620\/revisions"}],"predecessor-version":[{"id":1074,"href":"https:\/\/safeinsegne.it\/index.php?rest_route=\/wp\/v2\/pages\/620\/revisions\/1074"}],"wp:attachment":[{"href":"https:\/\/safeinsegne.it\/index.php?rest_route=%2Fwp%2Fv2%2Fmedia&parent=620"}],"curies":[{"name":"wp","href":"https:\/\/api.w.org\/{rel}","templated":true}]}}