{"id":539,"date":"2025-12-11T17:44:49","date_gmt":"2025-12-11T17:44:49","guid":{"rendered":"https:\/\/andersonpereiradesign.com.br\/safe\/?page_id=539"},"modified":"2026-03-02T16:03:53","modified_gmt":"2026-03-02T16:03:53","slug":"decorazioni","status":"publish","type":"page","link":"https:\/\/safeinsegne.it\/?page_id=539","title":{"rendered":"Decorazioni"},"content":{"rendered":"\t\t<div data-elementor-type=\"wp-page\" data-elementor-id=\"539\" class=\"elementor elementor-539\" data-elementor-post-type=\"page\">\n\t\t\t\t\t\t<section class=\"elementor-section elementor-top-section elementor-element elementor-element-f544b81 elementor-section-full_width elementor-section-height-default elementor-section-height-default\" data-id=\"f544b81\" data-element_type=\"section\" data-e-type=\"section\">\n\t\t\t\t\t\t<div class=\"elementor-container elementor-column-gap-default\">\n\t\t\t\t\t<div class=\"elementor-column elementor-col-100 elementor-top-column elementor-element elementor-element-200706c elementor-invisible\" data-id=\"200706c\" data-element_type=\"column\" data-e-type=\"column\" data-settings=\"{&quot;background_background&quot;:&quot;classic&quot;,&quot;animation&quot;:&quot;fadeIn&quot;}\">\n\t\t\t<div class=\"elementor-widget-wrap elementor-element-populated\">\n\t\t\t\t\t<div class=\"elementor-background-overlay\"><\/div>\n\t\t\t\t\t\t<div class=\"elementor-element elementor-element-cf76b8b elementor-widget elementor-widget-heading\" data-id=\"cf76b8b\" data-element_type=\"widget\" data-e-type=\"widget\" data-widget_type=\"heading.default\">\n\t\t\t\t\t<h1 class=\"elementor-heading-title elementor-size-default\">Decorazioni<\/h1>\t\t\t\t<\/div>\n\t\t\t\t\t<\/div>\n\t\t<\/div>\n\t\t\t\t\t<\/div>\n\t\t<\/section>\n\t\t<div class=\"elementor-element elementor-element-8110d1c e-flex e-con-boxed e-con e-parent\" data-id=\"8110d1c\" data-element_type=\"container\" data-e-type=\"container\">\n\t\t\t\t\t<div class=\"e-con-inner\">\n\t\t\t\t<div class=\"elementor-element elementor-element-714224b elementor-widget elementor-widget-heading\" data-id=\"714224b\" data-element_type=\"widget\" data-e-type=\"widget\" data-widget_type=\"heading.default\">\n\t\t\t\t\t<h2 class=\"elementor-heading-title elementor-size-default\">Finitura professionale e durata a lungo termine\n<\/h2>\t\t\t\t<\/div>\n\t\t\t\t<div class=\"elementor-element elementor-element-9c8dc91 elementor-widget-divider--view-line elementor-widget elementor-widget-divider\" data-id=\"9c8dc91\" data-element_type=\"widget\" data-e-type=\"widget\" data-widget_type=\"divider.default\">\n\t\t\t\t\t\t\t<div class=\"elementor-divider\">\n\t\t\t<span class=\"elementor-divider-separator\">\n\t\t\t\t\t\t<\/span>\n\t\t<\/div>\n\t\t\t\t\t\t<\/div>\n\t\t<div class=\"elementor-element elementor-element-bfc0ea5 e-con-full e-flex e-con e-child\" data-id=\"bfc0ea5\" data-element_type=\"container\" data-e-type=\"container\">\n\t\t\t\t<div class=\"elementor-element elementor-element-67c7377 elementor-widget elementor-widget-heading\" data-id=\"67c7377\" data-element_type=\"widget\" data-e-type=\"widget\" data-widget_type=\"heading.default\">\n\t\t\t\t\t<h2 class=\"elementor-heading-title elementor-size-default\">Sono dei veri e propri laminati adesivi dalle performance straordinarie che <b>rivoluzionano il concetto di rinnovamento degli ambienti<\/b>, con una tecnica non invasiva degli spazi, senza attrezzature ingombranti e strumentazioni rumorose.\n\nIl tutto nel rispetto delle esigenze di budget: vengono infatti installati in loco sui supporti preesistenti, evitandone la sostituzione ed azzerando cos\u00ec i costi di smontaggio, transporto e smaltimento.<br>Di-noc \u00e8 l'incomparabile soluzione che unisce design e praticit\u00e0.\n<\/h2>\t\t\t\t<\/div>\n\t\t<div class=\"elementor-element elementor-element-5b82724 e-grid e-con-full e-con e-child\" data-id=\"5b82724\" data-element_type=\"container\" data-e-type=\"container\">\n\t\t\t\t<div class=\"elementor-element elementor-element-bbce487 elementor-widget elementor-widget-image\" data-id=\"bbce487\" data-element_type=\"widget\" data-e-type=\"widget\" data-widget_type=\"image.default\">\n\t\t\t\t\t\t\t\t\t\t\t\t\t\t\t<img decoding=\"async\" src=\"https:\/\/safeinsegne.it\/wp-content\/uploads\/elementor\/thumbs\/05-5-rikdamagl9ps8nbjorpe58eqt7xxxtt2rzbp3jjk2g.jpeg\" title=\"05\" alt=\"05\" loading=\"lazy\" \/>\t\t\t\t\t\t\t\t\t\t\t\t\t\t\t<\/div>\n\t\t\t\t<div class=\"elementor-element elementor-element-1287f88 elementor-widget elementor-widget-image\" data-id=\"1287f88\" data-element_type=\"widget\" data-e-type=\"widget\" data-widget_type=\"image.default\">\n\t\t\t\t\t\t\t\t\t\t\t\t\t\t\t<img decoding=\"async\" src=\"https:\/\/safeinsegne.it\/wp-content\/uploads\/elementor\/thumbs\/01-7-rikdfy1jbh0a13l0l2la9w0rztotk2ybiceqzzn8t4.jpeg\" title=\"01\" alt=\"01\" loading=\"lazy\" \/>\t\t\t\t\t\t\t\t\t\t\t\t\t\t\t<\/div>\n\t\t\t\t<\/div>\n\t\t\t\t<\/div>\n\t\t<div class=\"elementor-element elementor-element-e9c99b4 e-con-full e-flex e-con e-child\" data-id=\"e9c99b4\" data-element_type=\"container\" data-e-type=\"container\">\n\t\t\t\t<div class=\"elementor-element elementor-element-4398fca elementor-widget__width-initial elementor-widget elementor-widget-heading\" data-id=\"4398fca\" data-element_type=\"widget\" data-e-type=\"widget\" data-widget_type=\"heading.default\">\n\t\t\t\t\t<h2 class=\"elementor-heading-title elementor-size-default\">Oltre 500 pattern, per soddisfare qualsiasi esigenza stilistica. Tutto questo non a spese dell'estetica grazie alla <b>eccezionale somiglianza ai materiali naturali.<\/b>\n\nLa possibilit\u00e0 di personalizzare qualsiasi tipo di veicolo permette di dare ampia visibilit\u00e0 su strada alla propria attivit\u00e0, rendendo la decorazione degli automezzi un ottimo strumento pubblicitario.\n<\/h2>\t\t\t\t<\/div>\n\t\t\t\t<\/div>\n\t\t\t\t\t<\/div>\n\t\t\t\t<\/div>\n\t\t<div class=\"elementor-element elementor-element-30b573b9 e-flex e-con-boxed e-con e-parent\" data-id=\"30b573b9\" data-element_type=\"container\" data-e-type=\"container\" data-settings=\"{&quot;background_background&quot;:&quot;classic&quot;}\">\n\t\t\t\t\t<div class=\"e-con-inner\">\n\t\t<div class=\"elementor-element elementor-element-6d1eec4c e-con-full e-flex e-con e-child\" data-id=\"6d1eec4c\" data-element_type=\"container\" data-e-type=\"container\">\n\t\t\t\t<div class=\"elementor-element elementor-element-250cb8c elementor-widget elementor-widget-heading\" data-id=\"250cb8c\" data-element_type=\"widget\" data-e-type=\"widget\" data-widget_type=\"heading.default\">\n\t\t\t\t\t<h2 class=\"elementor-heading-title elementor-size-default\">Perch\u00e9 scegliere noi?<\/h2>\t\t\t\t<\/div>\n\t\t\t\t<div class=\"elementor-element elementor-element-54626b5b elementor-widget elementor-widget-text-editor\" data-id=\"54626b5b\" data-element_type=\"widget\" data-e-type=\"widget\" data-widget_type=\"text-editor.default\">\n\t\t\t\t\t\t\t\t\t<p>Grazie all&#8217;utilizzo di materiali ad alte prestazioni, all&#8217;applicazione tecnica e alla massima attenzione ai dettagli, garantiamo adesivi che non sbiadiscono n\u00e9 si staccano, mantenendo l&#8217;aspetto professionale del vostro veicolo molto pi\u00f9 a lungo. La nostra consegna \u00e8 rapida, sicura e incentrata sulla qualit\u00e0 autentica, dal primo contatto al risultato finale.<\/p>\t\t\t\t\t\t\t\t<\/div>\n\t\t\t\t<\/div>\n\t\t<div class=\"elementor-element elementor-element-7626842b e-con-full e-flex e-con e-child\" data-id=\"7626842b\" data-element_type=\"container\" data-e-type=\"container\">\n\t\t\t\t<div class=\"elementor-element elementor-element-13bf2f7e elementor-widget elementor-widget-image\" data-id=\"13bf2f7e\" data-element_type=\"widget\" data-e-type=\"widget\" data-widget_type=\"image.default\">\n\t\t\t\t\t\t\t\t\t\t\t\t\t\t\t<img fetchpriority=\"high\" decoding=\"async\" width=\"800\" height=\"534\" src=\"https:\/\/safeinsegne.it\/wp-content\/uploads\/2026\/01\/Carro-1024x683.webp\" class=\"attachment-large size-large wp-image-726\" alt=\"\" srcset=\"https:\/\/safeinsegne.it\/wp-content\/uploads\/2026\/01\/Carro-1024x683.webp 1024w, https:\/\/safeinsegne.it\/wp-content\/uploads\/2026\/01\/Carro-300x200.webp 300w, https:\/\/safeinsegne.it\/wp-content\/uploads\/2026\/01\/Carro-768x512.webp 768w, https:\/\/safeinsegne.it\/wp-content\/uploads\/2026\/01\/Carro.webp 1536w\" sizes=\"(max-width: 800px) 100vw, 800px\" \/>\t\t\t\t\t\t\t\t\t\t\t\t\t\t\t<\/div>\n\t\t\t\t<\/div>\n\t\t\t\t\t<\/div>\n\t\t\t\t<\/div>\n\t\t\t\t<\/div>\n\t\t","protected":false},"excerpt":{"rendered":"<p>Decorazioni Finitura professionale e durata a lungo termine Sono dei veri e propri laminati adesivi dalle performance straordinarie che rivoluzionano il concetto di rinnovamento degli ambienti, con una tecnica non invasiva degli spazi, senza attrezzature ingombranti e strumentazioni rumorose. Il tutto nel rispetto delle esigenze di budget: vengono infatti installati in loco sui supporti preesistenti, [&hellip;]<\/p>\n","protected":false},"author":1,"featured_media":0,"parent":0,"menu_order":0,"comment_status":"closed","ping_status":"closed","template":"elementor_header_footer","meta":{"footnotes":""},"class_list":["post-539","page","type-page","status-publish","hentry"],"yoast_head":"<!-- This site is optimized with the Yoast SEO plugin v27.3 - https:\/\/yoast.com\/product\/yoast-seo-wordpress\/ -->\n<title>Decorazioni - Safe - Insegne, Adesivi e Pellicole a Specchio Antisolari<\/title>\n<meta name=\"robots\" content=\"index, follow, max-snippet:-1, max-image-preview:large, max-video-preview:-1\" \/>\n<link rel=\"canonical\" href=\"https:\/\/safeinsegne.it\/?page_id=539\" \/>\n<meta property=\"og:locale\" content=\"en_US\" \/>\n<meta property=\"og:type\" content=\"article\" \/>\n<meta property=\"og:title\" content=\"Decorazioni - Safe - Insegne, Adesivi e Pellicole a Specchio Antisolari\" \/>\n<meta property=\"og:description\" content=\"Decorazioni Finitura professionale e durata a lungo termine Sono dei veri e propri laminati adesivi dalle performance straordinarie che rivoluzionano il concetto di rinnovamento degli ambienti, con una tecnica non invasiva degli spazi, senza attrezzature ingombranti e strumentazioni rumorose. Il tutto nel rispetto delle esigenze di budget: vengono infatti installati in loco sui supporti preesistenti, [&hellip;]\" \/>\n<meta property=\"og:url\" content=\"https:\/\/safeinsegne.it\/?page_id=539\" \/>\n<meta property=\"og:site_name\" content=\"Safe - Insegne, Adesivi e Pellicole a Specchio Antisolari\" \/>\n<meta property=\"article:modified_time\" content=\"2026-03-02T16:03:53+00:00\" \/>\n<meta property=\"og:image\" content=\"https:\/\/safeinsegne.it\/wp-content\/uploads\/elementor\/thumbs\/05-5-rikl4mt92trtkvofx66sqkgezzxgcmdvvtn5l7eb88.jpeg\" \/>\n<meta name=\"twitter:card\" content=\"summary_large_image\" \/>\n<meta name=\"twitter:label1\" content=\"Est. reading time\" \/>\n\t<meta name=\"twitter:data1\" content=\"2 minutes\" \/>\n<script type=\"application\/ld+json\" class=\"yoast-schema-graph\">{\"@context\":\"https:\\\/\\\/schema.org\",\"@graph\":[{\"@type\":\"WebPage\",\"@id\":\"https:\\\/\\\/safeinsegne.it\\\/?page_id=539\",\"url\":\"https:\\\/\\\/safeinsegne.it\\\/?page_id=539\",\"name\":\"Decorazioni - Safe - Insegne, Adesivi e Pellicole a Specchio Antisolari\",\"isPartOf\":{\"@id\":\"https:\\\/\\\/safeinsegne.it\\\/#website\"},\"primaryImageOfPage\":{\"@id\":\"https:\\\/\\\/safeinsegne.it\\\/?page_id=539#primaryimage\"},\"image\":{\"@id\":\"https:\\\/\\\/safeinsegne.it\\\/?page_id=539#primaryimage\"},\"thumbnailUrl\":\"https:\\\/\\\/safeinsegne.it\\\/wp-content\\\/uploads\\\/elementor\\\/thumbs\\\/05-5-rikl4mt92trtkvofx66sqkgezzxgcmdvvtn5l7eb88.jpeg\",\"datePublished\":\"2025-12-11T17:44:49+00:00\",\"dateModified\":\"2026-03-02T16:03:53+00:00\",\"breadcrumb\":{\"@id\":\"https:\\\/\\\/safeinsegne.it\\\/?page_id=539#breadcrumb\"},\"inLanguage\":\"en-US\",\"potentialAction\":[{\"@type\":\"ReadAction\",\"target\":[\"https:\\\/\\\/safeinsegne.it\\\/?page_id=539\"]}]},{\"@type\":\"ImageObject\",\"inLanguage\":\"en-US\",\"@id\":\"https:\\\/\\\/safeinsegne.it\\\/?page_id=539#primaryimage\",\"url\":\"https:\\\/\\\/safeinsegne.it\\\/wp-content\\\/uploads\\\/elementor\\\/thumbs\\\/05-5-rikl4mt92trtkvofx66sqkgezzxgcmdvvtn5l7eb88.jpeg\",\"contentUrl\":\"https:\\\/\\\/safeinsegne.it\\\/wp-content\\\/uploads\\\/elementor\\\/thumbs\\\/05-5-rikl4mt92trtkvofx66sqkgezzxgcmdvvtn5l7eb88.jpeg\"},{\"@type\":\"BreadcrumbList\",\"@id\":\"https:\\\/\\\/safeinsegne.it\\\/?page_id=539#breadcrumb\",\"itemListElement\":[{\"@type\":\"ListItem\",\"position\":1,\"name\":\"In\u00edcio\",\"item\":\"https:\\\/\\\/safeinsegne.it\\\/\"},{\"@type\":\"ListItem\",\"position\":2,\"name\":\"Decorazioni\"}]},{\"@type\":\"WebSite\",\"@id\":\"https:\\\/\\\/safeinsegne.it\\\/#website\",\"url\":\"https:\\\/\\\/safeinsegne.it\\\/\",\"name\":\"Safe - Insegne & Adesivi\",\"description\":\"Pellicole Antisolari, Insegne Luminose, Decorazioni\",\"publisher\":{\"@id\":\"https:\\\/\\\/safeinsegne.it\\\/#organization\"},\"potentialAction\":[{\"@type\":\"SearchAction\",\"target\":{\"@type\":\"EntryPoint\",\"urlTemplate\":\"https:\\\/\\\/safeinsegne.it\\\/?s={search_term_string}\"},\"query-input\":{\"@type\":\"PropertyValueSpecification\",\"valueRequired\":true,\"valueName\":\"search_term_string\"}}],\"inLanguage\":\"en-US\"},{\"@type\":\"Organization\",\"@id\":\"https:\\\/\\\/safeinsegne.it\\\/#organization\",\"name\":\"Safe - Insegne & Adesivi\",\"url\":\"https:\\\/\\\/safeinsegne.it\\\/\",\"logo\":{\"@type\":\"ImageObject\",\"inLanguage\":\"en-US\",\"@id\":\"https:\\\/\\\/safeinsegne.it\\\/#\\\/schema\\\/logo\\\/image\\\/\",\"url\":\"https:\\\/\\\/safeinsegne.it\\\/wp-content\\\/uploads\\\/2025\\\/11\\\/Logo_01.png\",\"contentUrl\":\"https:\\\/\\\/safeinsegne.it\\\/wp-content\\\/uploads\\\/2025\\\/11\\\/Logo_01.png\",\"width\":1684,\"height\":612,\"caption\":\"Safe - Insegne & Adesivi\"},\"image\":{\"@id\":\"https:\\\/\\\/safeinsegne.it\\\/#\\\/schema\\\/logo\\\/image\\\/\"},\"sameAs\":[\"https:\\\/\\\/www.instagram.com\\\/safe.insegne\\\/\"]}]}<\/script>\n<!-- \/ Yoast SEO plugin. -->","yoast_head_json":{"title":"Decorazioni - Safe - Insegne, Adesivi e Pellicole a Specchio Antisolari","robots":{"index":"index","follow":"follow","max-snippet":"max-snippet:-1","max-image-preview":"max-image-preview:large","max-video-preview":"max-video-preview:-1"},"canonical":"https:\/\/safeinsegne.it\/?page_id=539","og_locale":"en_US","og_type":"article","og_title":"Decorazioni - Safe - Insegne, Adesivi e Pellicole a Specchio Antisolari","og_description":"Decorazioni Finitura professionale e durata a lungo termine Sono dei veri e propri laminati adesivi dalle performance straordinarie che rivoluzionano il concetto di rinnovamento degli ambienti, con una tecnica non invasiva degli spazi, senza attrezzature ingombranti e strumentazioni rumorose. Il tutto nel rispetto delle esigenze di budget: vengono infatti installati in loco sui supporti preesistenti, [&hellip;]","og_url":"https:\/\/safeinsegne.it\/?page_id=539","og_site_name":"Safe - Insegne, Adesivi e Pellicole a Specchio Antisolari","article_modified_time":"2026-03-02T16:03:53+00:00","og_image":[{"url":"https:\/\/safeinsegne.it\/wp-content\/uploads\/elementor\/thumbs\/05-5-rikl4mt92trtkvofx66sqkgezzxgcmdvvtn5l7eb88.jpeg","type":"","width":"","height":""}],"twitter_card":"summary_large_image","twitter_misc":{"Est. reading time":"2 minutes"},"schema":{"@context":"https:\/\/schema.org","@graph":[{"@type":"WebPage","@id":"https:\/\/safeinsegne.it\/?page_id=539","url":"https:\/\/safeinsegne.it\/?page_id=539","name":"Decorazioni - Safe - Insegne, Adesivi e Pellicole a Specchio Antisolari","isPartOf":{"@id":"https:\/\/safeinsegne.it\/#website"},"primaryImageOfPage":{"@id":"https:\/\/safeinsegne.it\/?page_id=539#primaryimage"},"image":{"@id":"https:\/\/safeinsegne.it\/?page_id=539#primaryimage"},"thumbnailUrl":"https:\/\/safeinsegne.it\/wp-content\/uploads\/elementor\/thumbs\/05-5-rikl4mt92trtkvofx66sqkgezzxgcmdvvtn5l7eb88.jpeg","datePublished":"2025-12-11T17:44:49+00:00","dateModified":"2026-03-02T16:03:53+00:00","breadcrumb":{"@id":"https:\/\/safeinsegne.it\/?page_id=539#breadcrumb"},"inLanguage":"en-US","potentialAction":[{"@type":"ReadAction","target":["https:\/\/safeinsegne.it\/?page_id=539"]}]},{"@type":"ImageObject","inLanguage":"en-US","@id":"https:\/\/safeinsegne.it\/?page_id=539#primaryimage","url":"https:\/\/safeinsegne.it\/wp-content\/uploads\/elementor\/thumbs\/05-5-rikl4mt92trtkvofx66sqkgezzxgcmdvvtn5l7eb88.jpeg","contentUrl":"https:\/\/safeinsegne.it\/wp-content\/uploads\/elementor\/thumbs\/05-5-rikl4mt92trtkvofx66sqkgezzxgcmdvvtn5l7eb88.jpeg"},{"@type":"BreadcrumbList","@id":"https:\/\/safeinsegne.it\/?page_id=539#breadcrumb","itemListElement":[{"@type":"ListItem","position":1,"name":"In\u00edcio","item":"https:\/\/safeinsegne.it\/"},{"@type":"ListItem","position":2,"name":"Decorazioni"}]},{"@type":"WebSite","@id":"https:\/\/safeinsegne.it\/#website","url":"https:\/\/safeinsegne.it\/","name":"Safe - Insegne & Adesivi","description":"Pellicole Antisolari, Insegne Luminose, Decorazioni","publisher":{"@id":"https:\/\/safeinsegne.it\/#organization"},"potentialAction":[{"@type":"SearchAction","target":{"@type":"EntryPoint","urlTemplate":"https:\/\/safeinsegne.it\/?s={search_term_string}"},"query-input":{"@type":"PropertyValueSpecification","valueRequired":true,"valueName":"search_term_string"}}],"inLanguage":"en-US"},{"@type":"Organization","@id":"https:\/\/safeinsegne.it\/#organization","name":"Safe - Insegne & Adesivi","url":"https:\/\/safeinsegne.it\/","logo":{"@type":"ImageObject","inLanguage":"en-US","@id":"https:\/\/safeinsegne.it\/#\/schema\/logo\/image\/","url":"https:\/\/safeinsegne.it\/wp-content\/uploads\/2025\/11\/Logo_01.png","contentUrl":"https:\/\/safeinsegne.it\/wp-content\/uploads\/2025\/11\/Logo_01.png","width":1684,"height":612,"caption":"Safe - Insegne & Adesivi"},"image":{"@id":"https:\/\/safeinsegne.it\/#\/schema\/logo\/image\/"},"sameAs":["https:\/\/www.instagram.com\/safe.insegne\/"]}]}},"_links":{"self":[{"href":"https:\/\/safeinsegne.it\/index.php?rest_route=\/wp\/v2\/pages\/539","targetHints":{"allow":["GET"]}}],"collection":[{"href":"https:\/\/safeinsegne.it\/index.php?rest_route=\/wp\/v2\/pages"}],"about":[{"href":"https:\/\/safeinsegne.it\/index.php?rest_route=\/wp\/v2\/types\/page"}],"author":[{"embeddable":true,"href":"https:\/\/safeinsegne.it\/index.php?rest_route=\/wp\/v2\/users\/1"}],"replies":[{"embeddable":true,"href":"https:\/\/safeinsegne.it\/index.php?rest_route=%2Fwp%2Fv2%2Fcomments&post=539"}],"version-history":[{"count":50,"href":"https:\/\/safeinsegne.it\/index.php?rest_route=\/wp\/v2\/pages\/539\/revisions"}],"predecessor-version":[{"id":1077,"href":"https:\/\/safeinsegne.it\/index.php?rest_route=\/wp\/v2\/pages\/539\/revisions\/1077"}],"wp:attachment":[{"href":"https:\/\/safeinsegne.it\/index.php?rest_route=%2Fwp%2Fv2%2Fmedia&parent=539"}],"curies":[{"name":"wp","href":"https:\/\/api.w.org\/{rel}","templated":true}]}}