{"id":333,"date":"2025-12-02T03:20:44","date_gmt":"2025-12-02T03:20:44","guid":{"rendered":"https:\/\/andersonpereiradesign.com.br\/safe\/?page_id=333"},"modified":"2025-12-12T00:32:16","modified_gmt":"2025-12-12T00:32:16","slug":"servizi","status":"publish","type":"page","link":"https:\/\/safeinsegne.it\/?page_id=333","title":{"rendered":"Servizi"},"content":{"rendered":"\t\t<div data-elementor-type=\"wp-page\" data-elementor-id=\"333\" class=\"elementor elementor-333\" data-elementor-post-type=\"page\">\n\t\t\t\t\t\t<section class=\"elementor-section elementor-top-section elementor-element elementor-element-c8c8994 elementor-section-full_width elementor-section-height-default elementor-section-height-default\" data-id=\"c8c8994\" data-element_type=\"section\" data-e-type=\"section\">\n\t\t\t\t\t\t<div class=\"elementor-container elementor-column-gap-default\">\n\t\t\t\t\t<div class=\"elementor-column elementor-col-100 elementor-top-column elementor-element elementor-element-42c55f3 elementor-invisible\" data-id=\"42c55f3\" data-element_type=\"column\" data-e-type=\"column\" data-settings=\"{&quot;background_background&quot;:&quot;classic&quot;,&quot;animation&quot;:&quot;fadeIn&quot;}\">\n\t\t\t<div class=\"elementor-widget-wrap elementor-element-populated\">\n\t\t\t\t\t<div class=\"elementor-background-overlay\"><\/div>\n\t\t\t\t\t\t<div class=\"elementor-element elementor-element-c460a72 elementor-widget elementor-widget-heading\" data-id=\"c460a72\" data-element_type=\"widget\" data-e-type=\"widget\" data-widget_type=\"heading.default\">\n\t\t\t\t\t<h1 class=\"elementor-heading-title elementor-size-default\">Servizi<\/h1>\t\t\t\t<\/div>\n\t\t\t\t\t<\/div>\n\t\t<\/div>\n\t\t\t\t\t<\/div>\n\t\t<\/section>\n\t\t\t\t<section class=\"elementor-section elementor-top-section elementor-element elementor-element-9d75d34 elementor-section-full_width elementor-section-height-default elementor-section-height-default elementor-invisible\" data-id=\"9d75d34\" data-element_type=\"section\" data-e-type=\"section\" data-settings=\"{&quot;animation&quot;:&quot;fadeIn&quot;}\">\n\t\t\t\t\t\t<div class=\"elementor-container elementor-column-gap-no\">\n\t\t\t\t\t<div class=\"elementor-column elementor-col-33 elementor-top-column elementor-element elementor-element-16917b2\" data-id=\"16917b2\" data-element_type=\"column\" data-e-type=\"column\" data-settings=\"{&quot;background_background&quot;:&quot;classic&quot;}\">\n\t\t\t<div class=\"elementor-widget-wrap elementor-element-populated\">\n\t\t\t\t\t<div class=\"elementor-background-overlay\"><\/div>\n\t\t\t\t\t\t<div class=\"elementor-element elementor-element-cfb4ce8 elementor-widget elementor-widget-heading\" data-id=\"cfb4ce8\" data-element_type=\"widget\" data-e-type=\"widget\" data-widget_type=\"heading.default\">\n\t\t\t\t\t<h3 class=\"elementor-heading-title elementor-size-default\">Decorazioni <\/h3>\t\t\t\t<\/div>\n\t\t\t\t\t<\/div>\n\t\t<\/div>\n\t\t\t\t<div class=\"elementor-column elementor-col-33 elementor-top-column elementor-element elementor-element-47f1153\" data-id=\"47f1153\" data-element_type=\"column\" data-e-type=\"column\" data-settings=\"{&quot;background_background&quot;:&quot;classic&quot;}\">\n\t\t\t<div class=\"elementor-widget-wrap elementor-element-populated\">\n\t\t\t\t\t<div class=\"elementor-background-overlay\"><\/div>\n\t\t\t\t\t\t<div class=\"elementor-element elementor-element-94ccf79 elementor-widget elementor-widget-heading\" data-id=\"94ccf79\" data-element_type=\"widget\" data-e-type=\"widget\" data-widget_type=\"heading.default\">\n\t\t\t\t\t<h3 class=\"elementor-heading-title elementor-size-default\">Vetrofanie<\/h3>\t\t\t\t<\/div>\n\t\t\t\t\t<\/div>\n\t\t<\/div>\n\t\t\t\t<div class=\"elementor-column elementor-col-33 elementor-top-column elementor-element elementor-element-122422f\" data-id=\"122422f\" data-element_type=\"column\" data-e-type=\"column\" data-settings=\"{&quot;background_background&quot;:&quot;classic&quot;}\">\n\t\t\t<div class=\"elementor-widget-wrap elementor-element-populated\">\n\t\t\t\t\t<div class=\"elementor-background-overlay\"><\/div>\n\t\t\t\t\t\t<div class=\"elementor-element elementor-element-8bcec61 elementor-widget elementor-widget-heading\" data-id=\"8bcec61\" data-element_type=\"widget\" data-e-type=\"widget\" data-widget_type=\"heading.default\">\n\t\t\t\t\t<h3 class=\"elementor-heading-title elementor-size-default\">Insegne Luminose<\/h3>\t\t\t\t<\/div>\n\t\t\t\t\t<\/div>\n\t\t<\/div>\n\t\t\t\t\t<\/div>\n\t\t<\/section>\n\t\t\t\t<section class=\"elementor-section elementor-top-section elementor-element elementor-element-5378057 elementor-section-full_width elementor-section-height-default elementor-section-height-default elementor-invisible\" data-id=\"5378057\" data-element_type=\"section\" data-e-type=\"section\" data-settings=\"{&quot;animation&quot;:&quot;fadeIn&quot;}\">\n\t\t\t\t\t\t<div class=\"elementor-container elementor-column-gap-no\">\n\t\t\t\t\t<div class=\"elementor-column elementor-col-33 elementor-top-column elementor-element elementor-element-963921f\" data-id=\"963921f\" data-element_type=\"column\" data-e-type=\"column\" data-settings=\"{&quot;background_background&quot;:&quot;classic&quot;}\">\n\t\t\t<div class=\"elementor-widget-wrap elementor-element-populated\">\n\t\t\t\t\t<div class=\"elementor-background-overlay\"><\/div>\n\t\t\t\t\t\t<div class=\"elementor-element elementor-element-49341f1 elementor-widget elementor-widget-heading\" data-id=\"49341f1\" data-element_type=\"widget\" data-e-type=\"widget\" data-widget_type=\"heading.default\">\n\t\t\t\t\t<h3 class=\"elementor-heading-title elementor-size-default\">Allestimento Negozi<\/h3>\t\t\t\t<\/div>\n\t\t\t\t\t<\/div>\n\t\t<\/div>\n\t\t\t\t<div class=\"elementor-column elementor-col-33 elementor-top-column elementor-element elementor-element-526cf91\" data-id=\"526cf91\" data-element_type=\"column\" data-e-type=\"column\" data-settings=\"{&quot;background_background&quot;:&quot;classic&quot;}\">\n\t\t\t<div class=\"elementor-widget-wrap elementor-element-populated\">\n\t\t\t\t\t<div class=\"elementor-background-overlay\"><\/div>\n\t\t\t\t\t\t<div class=\"elementor-element elementor-element-b6d12b5 elementor-widget elementor-widget-heading\" data-id=\"b6d12b5\" data-element_type=\"widget\" data-e-type=\"widget\" data-widget_type=\"heading.default\">\n\t\t\t\t\t<h3 class=\"elementor-heading-title elementor-size-default\">Pellicole<\/h3>\t\t\t\t<\/div>\n\t\t\t\t\t<\/div>\n\t\t<\/div>\n\t\t\t\t<div class=\"elementor-column elementor-col-33 elementor-top-column elementor-element elementor-element-5e72a17\" data-id=\"5e72a17\" data-element_type=\"column\" data-e-type=\"column\" data-settings=\"{&quot;background_background&quot;:&quot;classic&quot;}\">\n\t\t\t<div class=\"elementor-widget-wrap elementor-element-populated\">\n\t\t\t\t\t<div class=\"elementor-background-overlay\"><\/div>\n\t\t\t\t\t\t<div class=\"elementor-element elementor-element-0531f1d elementor-widget elementor-widget-heading\" data-id=\"0531f1d\" data-element_type=\"widget\" data-e-type=\"widget\" data-widget_type=\"heading.default\">\n\t\t\t\t\t<h3 class=\"elementor-heading-title elementor-size-default\">Lavori Svolti <\/h3>\t\t\t\t<\/div>\n\t\t\t\t\t<\/div>\n\t\t<\/div>\n\t\t\t\t\t<\/div>\n\t\t<\/section>\n\t\t\t\t<section class=\"elementor-section elementor-top-section elementor-element elementor-element-feb453d elementor-section-boxed elementor-section-height-default elementor-section-height-default elementor-invisible\" data-id=\"feb453d\" data-element_type=\"section\" data-e-type=\"section\" data-settings=\"{&quot;animation&quot;:&quot;fadeIn&quot;}\">\n\t\t\t\t\t\t<div class=\"elementor-container elementor-column-gap-default\">\n\t\t\t\t\t<div class=\"elementor-column elementor-col-100 elementor-top-column elementor-element elementor-element-1f506f4\" data-id=\"1f506f4\" data-element_type=\"column\" data-e-type=\"column\">\n\t\t\t<div class=\"elementor-widget-wrap elementor-element-populated\">\n\t\t\t\t\t\t<div class=\"elementor-element elementor-element-de80327 elementor-widget elementor-widget-heading\" data-id=\"de80327\" data-element_type=\"widget\" data-e-type=\"widget\" data-widget_type=\"heading.default\">\n\t\t\t\t\t<h2 class=\"elementor-heading-title elementor-size-default\">I nostri servizi\n<\/h2>\t\t\t\t<\/div>\n\t\t\t\t<div class=\"elementor-element elementor-element-81b3468 elementor-widget elementor-widget-text-editor\" data-id=\"81b3468\" data-element_type=\"widget\" data-e-type=\"widget\" data-widget_type=\"text-editor.default\">\n\t\t\t\t\t\t\t\t\t<p class=\"MsoNormal\" style=\"margin-left: 36.0pt; border: none; mso-padding-alt: 31.0pt 31.0pt 31.0pt 31.0pt; mso-border-shadow: yes;\"><span lang=\"IT\" style=\"font-family: Poppins; mso-fareast-font-family: Arial; color: #404040; mso-ansi-language: IT;\">La possibilit\u00e0 di personalizzare qualsiasi tipo di veicolo permette di dare ampia visibilit\u00e0 su strada alla propria attivit\u00e0., rendendo la decorazione degli automezzi un ottimo strumento pubblicitario.<\/span><\/p>\t\t\t\t\t\t\t\t<\/div>\n\t\t\t\t\t<\/div>\n\t\t<\/div>\n\t\t\t\t\t<\/div>\n\t\t<\/section>\n\t\t\t\t<section class=\"elementor-section elementor-top-section elementor-element elementor-element-b9bfbbb elementor-section-boxed elementor-section-height-default elementor-section-height-default elementor-invisible\" data-id=\"b9bfbbb\" data-element_type=\"section\" data-e-type=\"section\" data-settings=\"{&quot;animation&quot;:&quot;fadeIn&quot;}\">\n\t\t\t\t\t\t<div class=\"elementor-container elementor-column-gap-default\">\n\t\t\t\t\t<div class=\"elementor-column elementor-col-33 elementor-top-column elementor-element elementor-element-7f98da7\" data-id=\"7f98da7\" data-element_type=\"column\" data-e-type=\"column\" data-settings=\"{&quot;background_background&quot;:&quot;classic&quot;}\">\n\t\t\t<div class=\"elementor-widget-wrap elementor-element-populated\">\n\t\t\t\t\t<div class=\"elementor-background-overlay\"><\/div>\n\t\t\t\t\t\t<div class=\"elementor-element elementor-element-6e5ce35 elementor-view-default elementor-widget elementor-widget-icon\" data-id=\"6e5ce35\" data-element_type=\"widget\" data-e-type=\"widget\" data-widget_type=\"icon.default\">\n\t\t\t\t\t\t\t<div class=\"elementor-icon-wrapper\">\n\t\t\t<div class=\"elementor-icon\">\n\t\t\t<svg aria-hidden=\"true\" class=\"e-font-icon-svg e-far-check-square\" viewBox=\"0 0 448 512\" xmlns=\"http:\/\/www.w3.org\/2000\/svg\"><path d=\"M400 32H48C21.49 32 0 53.49 0 80v352c0 26.51 21.49 48 48 48h352c26.51 0 48-21.49 48-48V80c0-26.51-21.49-48-48-48zm0 400H48V80h352v352zm-35.864-241.724L191.547 361.48c-4.705 4.667-12.303 4.637-16.97-.068l-90.781-91.516c-4.667-4.705-4.637-12.303.069-16.971l22.719-22.536c4.705-4.667 12.303-4.637 16.97.069l59.792 60.277 141.352-140.216c4.705-4.667 12.303-4.637 16.97.068l22.536 22.718c4.667 4.706 4.637 12.304-.068 16.971z\"><\/path><\/svg>\t\t\t<\/div>\n\t\t<\/div>\n\t\t\t\t\t\t<\/div>\n\t\t\t\t<div class=\"elementor-element elementor-element-d72bff8 elementor-widget elementor-widget-heading\" data-id=\"d72bff8\" data-element_type=\"widget\" data-e-type=\"widget\" data-widget_type=\"heading.default\">\n\t\t\t\t\t<h3 class=\"elementor-heading-title elementor-size-default\">Insegne Luminose<\/h3>\t\t\t\t<\/div>\n\t\t\t\t<div class=\"elementor-element elementor-element-e44944b elementor-widget elementor-widget-text-editor\" data-id=\"e44944b\" data-element_type=\"widget\" data-e-type=\"widget\" data-widget_type=\"text-editor.default\">\n\t\t\t\t\t\t\t\t\t<p>Realizziamo insegne luminose di alta qualit\u00e0, curate in ogni dettaglio. Dalla progettazione alla messa in opera, garantiamo visibilit\u00e0, durata e un impatto immediato sul pubblico.<\/p>\t\t\t\t\t\t\t\t<\/div>\n\t\t\t\t<div class=\"elementor-element elementor-element-828baf6 elementor-align-left elementor-button-info elementor-widget elementor-widget-button\" data-id=\"828baf6\" data-element_type=\"widget\" data-e-type=\"widget\" data-widget_type=\"button.default\">\n\t\t\t\t\t\t\t\t\t\t<a class=\"elementor-button elementor-button-link elementor-size-sm\" href=\"#\">\n\t\t\t\t\t\t<span class=\"elementor-button-content-wrapper\">\n\t\t\t\t\t\t\t\t\t<span class=\"elementor-button-text\">Read More<\/span>\n\t\t\t\t\t<\/span>\n\t\t\t\t\t<\/a>\n\t\t\t\t\t\t\t\t<\/div>\n\t\t\t\t\t<\/div>\n\t\t<\/div>\n\t\t\t\t<div class=\"elementor-column elementor-col-33 elementor-top-column elementor-element elementor-element-4a5f025\" data-id=\"4a5f025\" data-element_type=\"column\" data-e-type=\"column\" data-settings=\"{&quot;background_background&quot;:&quot;classic&quot;}\">\n\t\t\t<div class=\"elementor-widget-wrap elementor-element-populated\">\n\t\t\t\t\t<div class=\"elementor-background-overlay\"><\/div>\n\t\t\t\t\t\t<div class=\"elementor-element elementor-element-81a72e9 elementor-view-default elementor-widget elementor-widget-icon\" data-id=\"81a72e9\" data-element_type=\"widget\" data-e-type=\"widget\" data-widget_type=\"icon.default\">\n\t\t\t\t\t\t\t<div class=\"elementor-icon-wrapper\">\n\t\t\t<div class=\"elementor-icon\">\n\t\t\t<svg aria-hidden=\"true\" class=\"e-font-icon-svg e-far-check-square\" viewBox=\"0 0 448 512\" xmlns=\"http:\/\/www.w3.org\/2000\/svg\"><path d=\"M400 32H48C21.49 32 0 53.49 0 80v352c0 26.51 21.49 48 48 48h352c26.51 0 48-21.49 48-48V80c0-26.51-21.49-48-48-48zm0 400H48V80h352v352zm-35.864-241.724L191.547 361.48c-4.705 4.667-12.303 4.637-16.97-.068l-90.781-91.516c-4.667-4.705-4.637-12.303.069-16.971l22.719-22.536c4.705-4.667 12.303-4.637 16.97.069l59.792 60.277 141.352-140.216c4.705-4.667 12.303-4.637 16.97.068l22.536 22.718c4.667 4.706 4.637 12.304-.068 16.971z\"><\/path><\/svg>\t\t\t<\/div>\n\t\t<\/div>\n\t\t\t\t\t\t<\/div>\n\t\t\t\t<div class=\"elementor-element elementor-element-d3ead43 elementor-widget elementor-widget-heading\" data-id=\"d3ead43\" data-element_type=\"widget\" data-e-type=\"widget\" data-widget_type=\"heading.default\">\n\t\t\t\t\t<h3 class=\"elementor-heading-title elementor-size-default\">Pellicole e Decorazioni<\/h3>\t\t\t\t<\/div>\n\t\t\t\t<div class=\"elementor-element elementor-element-a8b0dff elementor-widget elementor-widget-text-editor\" data-id=\"a8b0dff\" data-element_type=\"widget\" data-e-type=\"widget\" data-widget_type=\"text-editor.default\">\n\t\t\t\t\t\t\t\t\t<p>Applichiamo pellicole adesive, decorative e pubblicitarie per vetrine, veicoli e ambienti interni. Soluzioni moderne, precise e su misura per valorizzare ogni spazio.<\/p>\t\t\t\t\t\t\t\t<\/div>\n\t\t\t\t<div class=\"elementor-element elementor-element-4938ec6 elementor-align-left elementor-button-info elementor-widget elementor-widget-button\" data-id=\"4938ec6\" data-element_type=\"widget\" data-e-type=\"widget\" data-widget_type=\"button.default\">\n\t\t\t\t\t\t\t\t\t\t<a class=\"elementor-button elementor-button-link elementor-size-sm\" href=\"#\">\n\t\t\t\t\t\t<span class=\"elementor-button-content-wrapper\">\n\t\t\t\t\t\t\t\t\t<span class=\"elementor-button-text\">Read More<\/span>\n\t\t\t\t\t<\/span>\n\t\t\t\t\t<\/a>\n\t\t\t\t\t\t\t\t<\/div>\n\t\t\t\t\t<\/div>\n\t\t<\/div>\n\t\t\t\t<div class=\"elementor-column elementor-col-33 elementor-top-column elementor-element elementor-element-5fe9997\" data-id=\"5fe9997\" data-element_type=\"column\" data-e-type=\"column\" data-settings=\"{&quot;background_background&quot;:&quot;classic&quot;}\">\n\t\t\t<div class=\"elementor-widget-wrap elementor-element-populated\">\n\t\t\t\t\t<div class=\"elementor-background-overlay\"><\/div>\n\t\t\t\t\t\t<div class=\"elementor-element elementor-element-5409548 elementor-view-default elementor-widget elementor-widget-icon\" data-id=\"5409548\" data-element_type=\"widget\" data-e-type=\"widget\" data-widget_type=\"icon.default\">\n\t\t\t\t\t\t\t<div class=\"elementor-icon-wrapper\">\n\t\t\t<div class=\"elementor-icon\">\n\t\t\t<svg aria-hidden=\"true\" class=\"e-font-icon-svg e-far-check-square\" viewBox=\"0 0 448 512\" xmlns=\"http:\/\/www.w3.org\/2000\/svg\"><path d=\"M400 32H48C21.49 32 0 53.49 0 80v352c0 26.51 21.49 48 48 48h352c26.51 0 48-21.49 48-48V80c0-26.51-21.49-48-48-48zm0 400H48V80h352v352zm-35.864-241.724L191.547 361.48c-4.705 4.667-12.303 4.637-16.97-.068l-90.781-91.516c-4.667-4.705-4.637-12.303.069-16.971l22.719-22.536c4.705-4.667 12.303-4.637 16.97.069l59.792 60.277 141.352-140.216c4.705-4.667 12.303-4.637 16.97.068l22.536 22.718c4.667 4.706 4.637 12.304-.068 16.971z\"><\/path><\/svg>\t\t\t<\/div>\n\t\t<\/div>\n\t\t\t\t\t\t<\/div>\n\t\t\t\t<div class=\"elementor-element elementor-element-a3b6155 elementor-widget elementor-widget-heading\" data-id=\"a3b6155\" data-element_type=\"widget\" data-e-type=\"widget\" data-widget_type=\"heading.default\">\n\t\t\t\t\t<h3 class=\"elementor-heading-title elementor-size-default\">Allestimento Negozi<\/h3>\t\t\t\t<\/div>\n\t\t\t\t<div class=\"elementor-element elementor-element-436c02e elementor-widget elementor-widget-text-editor\" data-id=\"436c02e\" data-element_type=\"widget\" data-e-type=\"widget\" data-widget_type=\"text-editor.default\">\n\t\t\t\t\t\t\t\t\t<p>Ci occupiamo dell\u2019allestimento completo del tuo punto vendita, unendo estetica e funzionalit\u00e0. Creiamo ambienti che comunicano, attraggono e migliorano l\u2019esperienza del cliente.<\/p>\t\t\t\t\t\t\t\t<\/div>\n\t\t\t\t<div class=\"elementor-element elementor-element-f3db7b6 elementor-align-left elementor-button-info elementor-widget elementor-widget-button\" data-id=\"f3db7b6\" data-element_type=\"widget\" data-e-type=\"widget\" data-widget_type=\"button.default\">\n\t\t\t\t\t\t\t\t\t\t<a class=\"elementor-button elementor-button-link elementor-size-sm\" href=\"#\">\n\t\t\t\t\t\t<span class=\"elementor-button-content-wrapper\">\n\t\t\t\t\t\t\t\t\t<span class=\"elementor-button-text\">Read More<\/span>\n\t\t\t\t\t<\/span>\n\t\t\t\t\t<\/a>\n\t\t\t\t\t\t\t\t<\/div>\n\t\t\t\t\t<\/div>\n\t\t<\/div>\n\t\t\t\t\t<\/div>\n\t\t<\/section>\n\t\t\t\t<\/div>\n\t\t","protected":false},"excerpt":{"rendered":"<p>Servizi Decorazioni Vetrofanie Insegne Luminose Allestimento Negozi Pellicole Lavori Svolti I nostri servizi La possibilit\u00e0 di personalizzare qualsiasi tipo di veicolo permette di dare ampia visibilit\u00e0 su strada alla propria attivit\u00e0., rendendo la decorazione degli automezzi un ottimo strumento pubblicitario. Insegne Luminose Realizziamo insegne luminose di alta qualit\u00e0, curate in ogni dettaglio. Dalla progettazione alla [&hellip;]<\/p>\n","protected":false},"author":1,"featured_media":0,"parent":0,"menu_order":0,"comment_status":"closed","ping_status":"closed","template":"elementor_header_footer","meta":{"footnotes":""},"class_list":["post-333","page","type-page","status-publish","hentry"],"yoast_head":"<!-- This site is optimized with the Yoast SEO plugin v27.3 - https:\/\/yoast.com\/product\/yoast-seo-wordpress\/ -->\n<title>Servizi - Safe - Insegne, Adesivi e Pellicole a Specchio Antisolari<\/title>\n<meta name=\"robots\" content=\"index, follow, max-snippet:-1, max-image-preview:large, max-video-preview:-1\" \/>\n<link rel=\"canonical\" href=\"https:\/\/safeinsegne.it\/?page_id=333\" \/>\n<meta property=\"og:locale\" content=\"en_US\" \/>\n<meta property=\"og:type\" content=\"article\" \/>\n<meta property=\"og:title\" content=\"Servizi - Safe - Insegne, Adesivi e Pellicole a Specchio Antisolari\" \/>\n<meta property=\"og:description\" content=\"Servizi Decorazioni Vetrofanie Insegne Luminose Allestimento Negozi Pellicole Lavori Svolti I nostri servizi La possibilit\u00e0 di personalizzare qualsiasi tipo di veicolo permette di dare ampia visibilit\u00e0 su strada alla propria attivit\u00e0., rendendo la decorazione degli automezzi un ottimo strumento pubblicitario. Insegne Luminose Realizziamo insegne luminose di alta qualit\u00e0, curate in ogni dettaglio. Dalla progettazione alla [&hellip;]\" \/>\n<meta property=\"og:url\" content=\"https:\/\/safeinsegne.it\/?page_id=333\" \/>\n<meta property=\"og:site_name\" content=\"Safe - Insegne, Adesivi e Pellicole a Specchio Antisolari\" \/>\n<meta property=\"article:modified_time\" content=\"2025-12-12T00:32:16+00:00\" \/>\n<meta name=\"twitter:card\" content=\"summary_large_image\" \/>\n<meta name=\"twitter:label1\" content=\"Est. reading time\" \/>\n\t<meta name=\"twitter:data1\" content=\"1 minute\" \/>\n<script type=\"application\/ld+json\" class=\"yoast-schema-graph\">{\"@context\":\"https:\\\/\\\/schema.org\",\"@graph\":[{\"@type\":\"WebPage\",\"@id\":\"https:\\\/\\\/safeinsegne.it\\\/?page_id=333\",\"url\":\"https:\\\/\\\/safeinsegne.it\\\/?page_id=333\",\"name\":\"Servizi - Safe - Insegne, Adesivi e Pellicole a Specchio Antisolari\",\"isPartOf\":{\"@id\":\"https:\\\/\\\/safeinsegne.it\\\/#website\"},\"datePublished\":\"2025-12-02T03:20:44+00:00\",\"dateModified\":\"2025-12-12T00:32:16+00:00\",\"breadcrumb\":{\"@id\":\"https:\\\/\\\/safeinsegne.it\\\/?page_id=333#breadcrumb\"},\"inLanguage\":\"en-US\",\"potentialAction\":[{\"@type\":\"ReadAction\",\"target\":[\"https:\\\/\\\/safeinsegne.it\\\/?page_id=333\"]}]},{\"@type\":\"BreadcrumbList\",\"@id\":\"https:\\\/\\\/safeinsegne.it\\\/?page_id=333#breadcrumb\",\"itemListElement\":[{\"@type\":\"ListItem\",\"position\":1,\"name\":\"In\u00edcio\",\"item\":\"https:\\\/\\\/safeinsegne.it\\\/\"},{\"@type\":\"ListItem\",\"position\":2,\"name\":\"Servizi\"}]},{\"@type\":\"WebSite\",\"@id\":\"https:\\\/\\\/safeinsegne.it\\\/#website\",\"url\":\"https:\\\/\\\/safeinsegne.it\\\/\",\"name\":\"Safe - Insegne & Adesivi\",\"description\":\"Pellicole Antisolari, Insegne Luminose, Decorazioni\",\"publisher\":{\"@id\":\"https:\\\/\\\/safeinsegne.it\\\/#organization\"},\"potentialAction\":[{\"@type\":\"SearchAction\",\"target\":{\"@type\":\"EntryPoint\",\"urlTemplate\":\"https:\\\/\\\/safeinsegne.it\\\/?s={search_term_string}\"},\"query-input\":{\"@type\":\"PropertyValueSpecification\",\"valueRequired\":true,\"valueName\":\"search_term_string\"}}],\"inLanguage\":\"en-US\"},{\"@type\":\"Organization\",\"@id\":\"https:\\\/\\\/safeinsegne.it\\\/#organization\",\"name\":\"Safe - Insegne & Adesivi\",\"url\":\"https:\\\/\\\/safeinsegne.it\\\/\",\"logo\":{\"@type\":\"ImageObject\",\"inLanguage\":\"en-US\",\"@id\":\"https:\\\/\\\/safeinsegne.it\\\/#\\\/schema\\\/logo\\\/image\\\/\",\"url\":\"https:\\\/\\\/safeinsegne.it\\\/wp-content\\\/uploads\\\/2025\\\/11\\\/Logo_01.png\",\"contentUrl\":\"https:\\\/\\\/safeinsegne.it\\\/wp-content\\\/uploads\\\/2025\\\/11\\\/Logo_01.png\",\"width\":1684,\"height\":612,\"caption\":\"Safe - Insegne & Adesivi\"},\"image\":{\"@id\":\"https:\\\/\\\/safeinsegne.it\\\/#\\\/schema\\\/logo\\\/image\\\/\"},\"sameAs\":[\"https:\\\/\\\/www.instagram.com\\\/safe.insegne\\\/\"]}]}<\/script>\n<!-- \/ Yoast SEO plugin. -->","yoast_head_json":{"title":"Servizi - Safe - Insegne, Adesivi e Pellicole a Specchio Antisolari","robots":{"index":"index","follow":"follow","max-snippet":"max-snippet:-1","max-image-preview":"max-image-preview:large","max-video-preview":"max-video-preview:-1"},"canonical":"https:\/\/safeinsegne.it\/?page_id=333","og_locale":"en_US","og_type":"article","og_title":"Servizi - Safe - Insegne, Adesivi e Pellicole a Specchio Antisolari","og_description":"Servizi Decorazioni Vetrofanie Insegne Luminose Allestimento Negozi Pellicole Lavori Svolti I nostri servizi La possibilit\u00e0 di personalizzare qualsiasi tipo di veicolo permette di dare ampia visibilit\u00e0 su strada alla propria attivit\u00e0., rendendo la decorazione degli automezzi un ottimo strumento pubblicitario. Insegne Luminose Realizziamo insegne luminose di alta qualit\u00e0, curate in ogni dettaglio. Dalla progettazione alla [&hellip;]","og_url":"https:\/\/safeinsegne.it\/?page_id=333","og_site_name":"Safe - Insegne, Adesivi e Pellicole a Specchio Antisolari","article_modified_time":"2025-12-12T00:32:16+00:00","twitter_card":"summary_large_image","twitter_misc":{"Est. reading time":"1 minute"},"schema":{"@context":"https:\/\/schema.org","@graph":[{"@type":"WebPage","@id":"https:\/\/safeinsegne.it\/?page_id=333","url":"https:\/\/safeinsegne.it\/?page_id=333","name":"Servizi - Safe - Insegne, Adesivi e Pellicole a Specchio Antisolari","isPartOf":{"@id":"https:\/\/safeinsegne.it\/#website"},"datePublished":"2025-12-02T03:20:44+00:00","dateModified":"2025-12-12T00:32:16+00:00","breadcrumb":{"@id":"https:\/\/safeinsegne.it\/?page_id=333#breadcrumb"},"inLanguage":"en-US","potentialAction":[{"@type":"ReadAction","target":["https:\/\/safeinsegne.it\/?page_id=333"]}]},{"@type":"BreadcrumbList","@id":"https:\/\/safeinsegne.it\/?page_id=333#breadcrumb","itemListElement":[{"@type":"ListItem","position":1,"name":"In\u00edcio","item":"https:\/\/safeinsegne.it\/"},{"@type":"ListItem","position":2,"name":"Servizi"}]},{"@type":"WebSite","@id":"https:\/\/safeinsegne.it\/#website","url":"https:\/\/safeinsegne.it\/","name":"Safe - Insegne & Adesivi","description":"Pellicole Antisolari, Insegne Luminose, Decorazioni","publisher":{"@id":"https:\/\/safeinsegne.it\/#organization"},"potentialAction":[{"@type":"SearchAction","target":{"@type":"EntryPoint","urlTemplate":"https:\/\/safeinsegne.it\/?s={search_term_string}"},"query-input":{"@type":"PropertyValueSpecification","valueRequired":true,"valueName":"search_term_string"}}],"inLanguage":"en-US"},{"@type":"Organization","@id":"https:\/\/safeinsegne.it\/#organization","name":"Safe - Insegne & Adesivi","url":"https:\/\/safeinsegne.it\/","logo":{"@type":"ImageObject","inLanguage":"en-US","@id":"https:\/\/safeinsegne.it\/#\/schema\/logo\/image\/","url":"https:\/\/safeinsegne.it\/wp-content\/uploads\/2025\/11\/Logo_01.png","contentUrl":"https:\/\/safeinsegne.it\/wp-content\/uploads\/2025\/11\/Logo_01.png","width":1684,"height":612,"caption":"Safe - Insegne & Adesivi"},"image":{"@id":"https:\/\/safeinsegne.it\/#\/schema\/logo\/image\/"},"sameAs":["https:\/\/www.instagram.com\/safe.insegne\/"]}]}},"_links":{"self":[{"href":"https:\/\/safeinsegne.it\/index.php?rest_route=\/wp\/v2\/pages\/333","targetHints":{"allow":["GET"]}}],"collection":[{"href":"https:\/\/safeinsegne.it\/index.php?rest_route=\/wp\/v2\/pages"}],"about":[{"href":"https:\/\/safeinsegne.it\/index.php?rest_route=\/wp\/v2\/types\/page"}],"author":[{"embeddable":true,"href":"https:\/\/safeinsegne.it\/index.php?rest_route=\/wp\/v2\/users\/1"}],"replies":[{"embeddable":true,"href":"https:\/\/safeinsegne.it\/index.php?rest_route=%2Fwp%2Fv2%2Fcomments&post=333"}],"version-history":[{"count":16,"href":"https:\/\/safeinsegne.it\/index.php?rest_route=\/wp\/v2\/pages\/333\/revisions"}],"predecessor-version":[{"id":616,"href":"https:\/\/safeinsegne.it\/index.php?rest_route=\/wp\/v2\/pages\/333\/revisions\/616"}],"wp:attachment":[{"href":"https:\/\/safeinsegne.it\/index.php?rest_route=%2Fwp%2Fv2%2Fmedia&parent=333"}],"curies":[{"name":"wp","href":"https:\/\/api.w.org\/{rel}","templated":true}]}}